{"id":2840,"date":"2024-07-29T15:27:34","date_gmt":"2024-07-29T13:27:34","guid":{"rendered":"https:\/\/staging.iconia.we-dev.it\/iconia-vervollstaendigen\/"},"modified":"2025-07-03T14:50:06","modified_gmt":"2025-07-03T12:50:06","slug":"iconia-vervollstaendigen","status":"publish","type":"page","link":"https:\/\/staging.iconia.we-dev.it\/de\/iconia-vervollstaendigen\/","title":{"rendered":"ICONIA vervollst\u00e4ndigen"},"content":{"rendered":"\t\t<div data-elementor-type=\"wp-page\" data-elementor-id=\"2840\" class=\"elementor elementor-2840 elementor-24\">\n\t\t\t\t\t\t<section class=\"elementor-section elementor-top-section elementor-element elementor-element-feba15b elementor-section-full_width wrapper-fuller section-normal elementor-section-height-default elementor-section-height-default default\" data-id=\"feba15b\" data-element_type=\"section\" data-settings=\"{&quot;background_background&quot;:&quot;classic&quot;}\">\n\t\t\t\t\t\t<div class=\"elementor-container elementor-column-gap-default\">\n\t\t\t\t\t<div class=\"elementor-column elementor-col-100 elementor-top-column elementor-element elementor-element-76c459a\" data-id=\"76c459a\" data-element_type=\"column\">\n\t\t\t<div class=\"elementor-widget-wrap elementor-element-populated\">\n\t\t\t\t\t\t<section class=\"elementor-section elementor-inner-section elementor-element elementor-element-67415bd elementor-section-full_width wrapper-fuller section-normal elementor-section-height-default elementor-section-height-default default\" data-id=\"67415bd\" data-element_type=\"section\">\n\t\t\t\t\t\t<div class=\"elementor-container elementor-column-gap-default\">\n\t\t\t\t\t<div class=\"elementor-column elementor-col-50 elementor-inner-column elementor-element elementor-element-a884997 sticky-column-custom\" data-id=\"a884997\" data-element_type=\"column\">\n\t\t\t<div class=\"elementor-widget-wrap elementor-element-populated\">\n\t\t\t\t\t\t<div class=\"elementor-element elementor-element-c850b1f elementor-widget elementor-widget-naylaheading\" data-id=\"c850b1f\" data-element_type=\"widget\" data-widget_type=\"naylaheading.default\">\n\t\t\t\t<div class=\"elementor-widget-container\">\n\t\t\t\n<div class=\"text-wrapper\">\n\n\n    <h1  class=\" has-anim-text wordsUp fade  no-revert\" data-stagger=\"0.02\" data-duration=\"1.5\"data-delay=\"0\"data-scrub=\"false\" data-pin=\"false\">\n        \n                \n        VERVOLLST\u00c4NDIGE ICONIA<\/h1>\n\n\n<\/div>\n\n\n\t\t<\/div>\n\t\t\t\t<\/div>\n\t\t\t\t<div class=\"elementor-element elementor-element-d4e95d4 elementor-widget elementor-widget-naylaheading\" data-id=\"d4e95d4\" data-element_type=\"widget\" data-widget_type=\"naylaheading.default\">\n\t\t\t\t<div class=\"elementor-widget-container\">\n\t\t\t\n<div class=\"text-wrapper\">\n\n\n    <h1  class=\" has-anim-text wordsUp fade  no-revert\" data-stagger=\"0.02\" data-duration=\"1.5\"data-delay=\"0\"data-scrub=\"false\" data-pin=\"false\">\n        \n                \n        Entdecke die Kollektion hochwertiger Premium-Zubeh\u00f6rteile f\u00fcr ICONIA und verwandle dein Erlebnis. Von der begehbaren und sch\u00fctzenden NYX-Abdeckung \u00fcber die <b>KOS-Perimetersitze<\/b>, die das Ambiente bereichern, bis hin zu den <b>HERMES-Kissen<\/b>, die die Technikraum\u00f6ffnungen verdecken und gleichzeitig funktional sind, bis hin zu den <b>Lithos-Paneelen<\/b>, die die Au\u00dfenw\u00e4nde verkleiden, und dem <b>KIMERA-Eckelement<\/b>, das in verschiedenen Varianten erh\u00e4ltlich ist \u2013 jedes Element ist darauf ausgelegt, Design und Vielseitigkeit zu verbinden.<\/h1>\n\n\n<\/div>\n\n\n\t\t<\/div>\n\t\t\t\t<\/div>\n\t\t\t\t\t<\/div>\n\t\t<\/div>\n\t\t\t\t<div class=\"elementor-column elementor-col-50 elementor-inner-column elementor-element elementor-element-1f5f1d7\" data-id=\"1f5f1d7\" data-element_type=\"column\">\n\t\t\t<div class=\"elementor-widget-wrap elementor-element-populated\">\n\t\t\t\t\t\t<div class=\"elementor-element elementor-element-73eb20b elementor-widget elementor-widget-naylaprojectsgrid\" data-id=\"73eb20b\" data-element_type=\"widget\" data-widget_type=\"naylaprojectsgrid.default\">\n\t\t\t\t<div class=\"elementor-widget-container\">\n\t\t\t\n\n<!-- Portfolio Grid -->\n<div class=\"portfolio-grid details-above no filterable col-2\" data-view-text=\"View Project\" data-hovers=\"classic cursor arrow imageMask\" data-total=\"5\" >\n\n\n    \n    <!-- Projects Wrapper -->\n    <div class=\"grid-projects-wrapper\">\n\n        \n        <!-- Project -->\n        <div class=\"grid-project needs--handle align-right  cat_prodotti \" data-duration=1 data-delay=\"0\" data-scrub=\"false\" data-pin=\"false\" data-anim-out=\"false\" >\n\n            <!-- Project URL --><a data-id=\"3304\" class=\"barba--trigger  cursor-default\"  href=\"https:\/\/staging.iconia.we-dev.it\/de\/zubehor\/sitzkissen-kos\/\">\n\n                <div class=\"grid-project-wrap\">\n\n                    <!--  Image -->\n                    <div class=\"grid-project-image\">\n\n                            <!-- Project Image -->\n                <div class=\"project-image project__image__3304\">\n                <img decoding=\"async\" src=\"https:\/\/staging.iconia.we-dev.it\/app\/uploads\/2024\/08\/Sedute-perimetrali-Listato-min.jpg\" class=\"attachment-post-thumbnail size-post-thumbnail wp-post-image\" alt=\"\" srcset=\"https:\/\/staging.iconia.we-dev.it\/app\/uploads\/2024\/08\/Sedute-perimetrali-Listato-min.jpg 1080w, https:\/\/staging.iconia.we-dev.it\/app\/uploads\/2024\/08\/Sedute-perimetrali-Listato-min-300x300.jpg 300w, https:\/\/staging.iconia.we-dev.it\/app\/uploads\/2024\/08\/Sedute-perimetrali-Listato-min-1024x1024.jpg 1024w, https:\/\/staging.iconia.we-dev.it\/app\/uploads\/2024\/08\/Sedute-perimetrali-Listato-min-150x150.jpg 150w, https:\/\/staging.iconia.we-dev.it\/app\/uploads\/2024\/08\/Sedute-perimetrali-Listato-min-768x769.jpg 768w\" sizes=\"(max-width: 1080px) 100vw, 1080px\" \/>\n    <\/div>\n    <!--\/Project Image -->\n\n    \n                    <\/div>\n                    <!--\/ Image -->\n\n                    <!--  Meta -->\n                    <div class=\"grid-project-meta\">\n\n                        <!-- Title -->\n                        <div class=\"grid-project-title\">\n                            Sitzkissen KOS                        <\/div>\n                        <!--\/ Title -->\n\n                                            <\/div>\n                    <!--\/ Meta -->\n\n                <\/div>\n\n            <\/a>\n\n        <\/div>\n        <!--\/Project -->\n\n\n        \n        <!-- Project -->\n        <div class=\"grid-project needs--handle align-right  cat_prodotti \" data-duration=1 data-delay=\"0\" data-scrub=\"false\" data-pin=\"false\" data-anim-out=\"false\" >\n\n            <!-- Project URL --><a data-id=\"3322\" class=\"barba--trigger  cursor-default\"  href=\"https:\/\/staging.iconia.we-dev.it\/de\/zubehor\/kimera\/\">\n\n                <div class=\"grid-project-wrap\">\n\n                    <!--  Image -->\n                    <div class=\"grid-project-image\">\n\n                            <!-- Project Image -->\n                <div class=\"project-image project__image__3322\">\n                <img decoding=\"async\" src=\"https:\/\/staging.iconia.we-dev.it\/app\/uploads\/2024\/08\/Elemento-Angolare-Listato-min.jpg\" class=\"attachment-post-thumbnail size-post-thumbnail wp-post-image\" alt=\"\" srcset=\"https:\/\/staging.iconia.we-dev.it\/app\/uploads\/2024\/08\/Elemento-Angolare-Listato-min.jpg 1080w, https:\/\/staging.iconia.we-dev.it\/app\/uploads\/2024\/08\/Elemento-Angolare-Listato-min-300x300.jpg 300w, https:\/\/staging.iconia.we-dev.it\/app\/uploads\/2024\/08\/Elemento-Angolare-Listato-min-1024x1024.jpg 1024w, https:\/\/staging.iconia.we-dev.it\/app\/uploads\/2024\/08\/Elemento-Angolare-Listato-min-150x150.jpg 150w, https:\/\/staging.iconia.we-dev.it\/app\/uploads\/2024\/08\/Elemento-Angolare-Listato-min-768x769.jpg 768w\" sizes=\"(max-width: 1080px) 100vw, 1080px\" \/>\n    <\/div>\n    <!--\/Project Image -->\n\n    \n                    <\/div>\n                    <!--\/ Image -->\n\n                    <!--  Meta -->\n                    <div class=\"grid-project-meta\">\n\n                        <!-- Title -->\n                        <div class=\"grid-project-title\">\n                            KIMERA                        <\/div>\n                        <!--\/ Title -->\n\n                                            <\/div>\n                    <!--\/ Meta -->\n\n                <\/div>\n\n            <\/a>\n\n        <\/div>\n        <!--\/Project -->\n\n\n        \n        <!-- Project -->\n        <div class=\"grid-project needs--handle align-right  cat_prodotti \" data-duration=1 data-delay=\"0\" data-scrub=\"false\" data-pin=\"false\" data-anim-out=\"false\" >\n\n            <!-- Project URL --><a data-id=\"3332\" class=\"barba--trigger  cursor-default\"  href=\"https:\/\/staging.iconia.we-dev.it\/de\/zubehor\/kissen-hermes\/\">\n\n                <div class=\"grid-project-wrap\">\n\n                    <!--  Image -->\n                    <div class=\"grid-project-image\">\n\n                            <!-- Project Image -->\n                <div class=\"project-image project__image__3332\">\n                <img decoding=\"async\" src=\"https:\/\/staging.iconia.we-dev.it\/app\/uploads\/2024\/08\/Copertura-locale-tecnico-Listato-min.jpg\" class=\"attachment-post-thumbnail size-post-thumbnail wp-post-image\" alt=\"\" srcset=\"https:\/\/staging.iconia.we-dev.it\/app\/uploads\/2024\/08\/Copertura-locale-tecnico-Listato-min.jpg 1080w, https:\/\/staging.iconia.we-dev.it\/app\/uploads\/2024\/08\/Copertura-locale-tecnico-Listato-min-300x300.jpg 300w, https:\/\/staging.iconia.we-dev.it\/app\/uploads\/2024\/08\/Copertura-locale-tecnico-Listato-min-1024x1024.jpg 1024w, https:\/\/staging.iconia.we-dev.it\/app\/uploads\/2024\/08\/Copertura-locale-tecnico-Listato-min-150x150.jpg 150w, https:\/\/staging.iconia.we-dev.it\/app\/uploads\/2024\/08\/Copertura-locale-tecnico-Listato-min-768x769.jpg 768w\" sizes=\"(max-width: 1080px) 100vw, 1080px\" \/>\n    <\/div>\n    <!--\/Project Image -->\n\n    \n                    <\/div>\n                    <!--\/ Image -->\n\n                    <!--  Meta -->\n                    <div class=\"grid-project-meta\">\n\n                        <!-- Title -->\n                        <div class=\"grid-project-title\">\n                            Kissen HERMES                        <\/div>\n                        <!--\/ Title -->\n\n                                            <\/div>\n                    <!--\/ Meta -->\n\n                <\/div>\n\n            <\/a>\n\n        <\/div>\n        <!--\/Project -->\n\n\n        \n        <!-- Project -->\n        <div class=\"grid-project needs--handle align-right  cat_prodotti \" data-duration=1 data-delay=\"0\" data-scrub=\"false\" data-pin=\"false\" data-anim-out=\"false\" >\n\n            <!-- Project URL --><a data-id=\"3342\" class=\"barba--trigger  cursor-default\"  href=\"https:\/\/staging.iconia.we-dev.it\/de\/zubehor\/lithos\/\">\n\n                <div class=\"grid-project-wrap\">\n\n                    <!--  Image -->\n                    <div class=\"grid-project-image\">\n\n                            <!-- Project Image -->\n                <div class=\"project-image project__image__3342\">\n                <img decoding=\"async\" src=\"https:\/\/staging.iconia.we-dev.it\/app\/uploads\/2024\/08\/Panellatura-Personalizzata-Listato.jpg\" class=\"attachment-post-thumbnail size-post-thumbnail wp-post-image\" alt=\"\" srcset=\"https:\/\/staging.iconia.we-dev.it\/app\/uploads\/2024\/08\/Panellatura-Personalizzata-Listato.jpg 1080w, https:\/\/staging.iconia.we-dev.it\/app\/uploads\/2024\/08\/Panellatura-Personalizzata-Listato-300x300.jpg 300w, https:\/\/staging.iconia.we-dev.it\/app\/uploads\/2024\/08\/Panellatura-Personalizzata-Listato-1024x1024.jpg 1024w, https:\/\/staging.iconia.we-dev.it\/app\/uploads\/2024\/08\/Panellatura-Personalizzata-Listato-150x150.jpg 150w, https:\/\/staging.iconia.we-dev.it\/app\/uploads\/2024\/08\/Panellatura-Personalizzata-Listato-768x769.jpg 768w\" sizes=\"(max-width: 1080px) 100vw, 1080px\" \/>\n    <\/div>\n    <!--\/Project Image -->\n\n    \n                    <\/div>\n                    <!--\/ Image -->\n\n                    <!--  Meta -->\n                    <div class=\"grid-project-meta\">\n\n                        <!-- Title -->\n                        <div class=\"grid-project-title\">\n                            LITHOS                        <\/div>\n                        <!--\/ Title -->\n\n                                            <\/div>\n                    <!--\/ Meta -->\n\n                <\/div>\n\n            <\/a>\n\n        <\/div>\n        <!--\/Project -->\n\n\n        \n        <!-- Project -->\n        <div class=\"grid-project needs--handle align-right  cat_prodotti \" data-duration=1 data-delay=\"0\" data-scrub=\"false\" data-pin=\"false\" data-anim-out=\"false\" >\n\n            <!-- Project URL --><a data-id=\"3357\" class=\"barba--trigger  cursor-default\"  href=\"https:\/\/staging.iconia.we-dev.it\/de\/zubehor\/abdeckung-nyx\/\">\n\n                <div class=\"grid-project-wrap\">\n\n                    <!--  Image -->\n                    <div class=\"grid-project-image\">\n\n                            <!-- Project Image -->\n                <div class=\"project-image project__image__3357\">\n                <img decoding=\"async\" src=\"https:\/\/staging.iconia.we-dev.it\/app\/uploads\/2024\/08\/Copertura-Premium-Listato-min.jpg\" class=\"attachment-post-thumbnail size-post-thumbnail wp-post-image\" alt=\"\" srcset=\"https:\/\/staging.iconia.we-dev.it\/app\/uploads\/2024\/08\/Copertura-Premium-Listato-min.jpg 1080w, https:\/\/staging.iconia.we-dev.it\/app\/uploads\/2024\/08\/Copertura-Premium-Listato-min-300x300.jpg 300w, https:\/\/staging.iconia.we-dev.it\/app\/uploads\/2024\/08\/Copertura-Premium-Listato-min-1024x1024.jpg 1024w, https:\/\/staging.iconia.we-dev.it\/app\/uploads\/2024\/08\/Copertura-Premium-Listato-min-150x150.jpg 150w, https:\/\/staging.iconia.we-dev.it\/app\/uploads\/2024\/08\/Copertura-Premium-Listato-min-768x769.jpg 768w\" sizes=\"(max-width: 1080px) 100vw, 1080px\" \/>\n    <\/div>\n    <!--\/Project Image -->\n\n    \n                    <\/div>\n                    <!--\/ Image -->\n\n                    <!--  Meta -->\n                    <div class=\"grid-project-meta\">\n\n                        <!-- Title -->\n                        <div class=\"grid-project-title\">\n                            Abdeckung NYX                        <\/div>\n                        <!--\/ Title -->\n\n                                            <\/div>\n                    <!--\/ Meta -->\n\n                <\/div>\n\n            <\/a>\n\n        <\/div>\n        <!--\/Project -->\n\n\n        \n\n\n\n\n    <\/div>\n    <!--\/Projects Wrapper -->\n\n        \n<\/div>\n<!--\/Portfolio Grid -->\n\n\n\t\t<\/div>\n\t\t\t\t<\/div>\n\t\t\t\t\t<\/div>\n\t\t<\/div>\n\t\t\t\t\t<\/div>\n\t\t<\/section>\n\t\t\t\t\t<\/div>\n\t\t<\/div>\n\t\t\t\t\t<\/div>\n\t\t<\/section>\n\t\t\t\t<\/div>\n\t\t","protected":false},"excerpt":{"rendered":"<p>VERVOLLST\u00c4NDIGE ICONIA Entdecke die Kollektion hochwertiger Premium-Zubeh\u00f6rteile f\u00fcr ICONIA und verwandle dein Erlebnis. Von der begehbaren und sch\u00fctzenden NYX-Abdeckung \u00fcber die KOS-Perimetersitze, die das Ambiente bereichern, bis hin zu den [&hellip;]<\/p>\n","protected":false},"author":1,"featured_media":0,"parent":0,"menu_order":0,"comment_status":"closed","ping_status":"closed","template":"","meta":{"_acf_changed":false,"footnotes":""},"acf":[],"yoast_head":"<!-- This site is optimized with the Yoast SEO plugin v23.8 - https:\/\/yoast.com\/wordpress\/plugins\/seo\/ -->\n<title>Vervollst\u00e4ndigen Sie Ihr Iconia: Entdecken Sie das gesamte Zubeh\u00f6r - Iconia<\/title>\n<meta name=\"description\" content=\"M\u00f6chten Sie Ihr Iconia noch einzigartiger machen? Entdecken Sie unsere Zubeh\u00f6rkollektion und gestalten Sie Ihren Mini-Pool individuell.\" \/>\n<meta name=\"robots\" content=\"noindex, follow, max-snippet:-1, max-image-preview:large, max-video-preview:-1\" \/>\n<meta property=\"og:locale\" content=\"de_DE\" \/>\n<meta property=\"og:type\" content=\"article\" \/>\n<meta property=\"og:title\" content=\"Vervollst\u00e4ndigen Sie Ihr Iconia: Entdecken Sie das gesamte Zubeh\u00f6r - Iconia\" \/>\n<meta property=\"og:description\" content=\"M\u00f6chten Sie Ihr Iconia noch einzigartiger machen? Entdecken Sie unsere Zubeh\u00f6rkollektion und gestalten Sie Ihren Mini-Pool individuell.\" \/>\n<meta property=\"og:url\" content=\"https:\/\/staging.iconia.we-dev.it\/de\/iconia-vervollstaendigen\/\" \/>\n<meta property=\"og:site_name\" content=\"Iconia\" \/>\n<meta property=\"article:modified_time\" content=\"2025-07-03T12:50:06+00:00\" \/>\n<meta property=\"og:image\" content=\"https:\/\/staging.iconia.we-dev.it\/app\/uploads\/2024\/08\/Sedute-perimetrali-Listato-min.jpg\" \/>\n<meta name=\"twitter:card\" content=\"summary_large_image\" \/>\n<meta name=\"twitter:label1\" content=\"Est. reading time\" \/>\n\t<meta name=\"twitter:data1\" content=\"3 minutes\" \/>\n<!-- \/ Yoast SEO plugin. -->","yoast_head_json":{"title":"Vervollst\u00e4ndigen Sie Ihr Iconia: Entdecken Sie das gesamte Zubeh\u00f6r - Iconia","description":"M\u00f6chten Sie Ihr Iconia noch einzigartiger machen? Entdecken Sie unsere Zubeh\u00f6rkollektion und gestalten Sie Ihren Mini-Pool individuell.","robots":{"index":"noindex","follow":"follow","max-snippet":"max-snippet:-1","max-image-preview":"max-image-preview:large","max-video-preview":"max-video-preview:-1"},"og_locale":"de_DE","og_type":"article","og_title":"Vervollst\u00e4ndigen Sie Ihr Iconia: Entdecken Sie das gesamte Zubeh\u00f6r - Iconia","og_description":"M\u00f6chten Sie Ihr Iconia noch einzigartiger machen? Entdecken Sie unsere Zubeh\u00f6rkollektion und gestalten Sie Ihren Mini-Pool individuell.","og_url":"https:\/\/staging.iconia.we-dev.it\/de\/iconia-vervollstaendigen\/","og_site_name":"Iconia","article_modified_time":"2025-07-03T12:50:06+00:00","og_image":[{"url":"https:\/\/staging.iconia.we-dev.it\/app\/uploads\/2024\/08\/Sedute-perimetrali-Listato-min.jpg"}],"twitter_card":"summary_large_image","twitter_misc":{"Est. reading time":"3 minutes"},"schema":{"@context":"https:\/\/schema.org","@graph":[{"@type":"WebPage","@id":"https:\/\/staging.iconia.we-dev.it\/de\/iconia-vervollstaendigen\/","url":"https:\/\/staging.iconia.we-dev.it\/de\/iconia-vervollstaendigen\/","name":"Vervollst\u00e4ndigen Sie Ihr Iconia: Entdecken Sie das gesamte Zubeh\u00f6r - Iconia","isPartOf":{"@id":"https:\/\/staging.iconia.we-dev.it\/de\/#website"},"primaryImageOfPage":{"@id":"https:\/\/staging.iconia.we-dev.it\/de\/iconia-vervollstaendigen\/#primaryimage"},"image":{"@id":"https:\/\/staging.iconia.we-dev.it\/de\/iconia-vervollstaendigen\/#primaryimage"},"thumbnailUrl":"https:\/\/staging.iconia.we-dev.it\/app\/uploads\/2024\/08\/Sedute-perimetrali-Listato-min.jpg","datePublished":"2024-07-29T13:27:34+00:00","dateModified":"2025-07-03T12:50:06+00:00","description":"M\u00f6chten Sie Ihr Iconia noch einzigartiger machen? Entdecken Sie unsere Zubeh\u00f6rkollektion und gestalten Sie Ihren Mini-Pool individuell.","breadcrumb":{"@id":"https:\/\/staging.iconia.we-dev.it\/de\/iconia-vervollstaendigen\/#breadcrumb"},"inLanguage":"de-DE","potentialAction":[{"@type":"ReadAction","target":["https:\/\/staging.iconia.we-dev.it\/de\/iconia-vervollstaendigen\/"]}]},{"@type":"ImageObject","inLanguage":"de-DE","@id":"https:\/\/staging.iconia.we-dev.it\/de\/iconia-vervollstaendigen\/#primaryimage","url":"https:\/\/staging.iconia.we-dev.it\/app\/uploads\/2024\/08\/Sedute-perimetrali-Listato-min.jpg","contentUrl":"https:\/\/staging.iconia.we-dev.it\/app\/uploads\/2024\/08\/Sedute-perimetrali-Listato-min.jpg"},{"@type":"BreadcrumbList","@id":"https:\/\/staging.iconia.we-dev.it\/de\/iconia-vervollstaendigen\/#breadcrumb","itemListElement":[{"@type":"ListItem","position":1,"name":"Home","item":"https:\/\/staging.iconia.we-dev.it\/de\/"},{"@type":"ListItem","position":2,"name":"ICONIA vervollst\u00e4ndigen"}]},{"@type":"WebSite","@id":"https:\/\/staging.iconia.we-dev.it\/de\/#website","url":"https:\/\/staging.iconia.we-dev.it\/de\/","name":"Iconia","description":"","potentialAction":[{"@type":"SearchAction","target":{"@type":"EntryPoint","urlTemplate":"https:\/\/staging.iconia.we-dev.it\/de\/?s={search_term_string}"},"query-input":{"@type":"PropertyValueSpecification","valueRequired":true,"valueName":"search_term_string"}}],"inLanguage":"de-DE"}]}},"_links":{"self":[{"href":"https:\/\/staging.iconia.we-dev.it\/de\/wp-json\/wp\/v2\/pages\/2840"}],"collection":[{"href":"https:\/\/staging.iconia.we-dev.it\/de\/wp-json\/wp\/v2\/pages"}],"about":[{"href":"https:\/\/staging.iconia.we-dev.it\/de\/wp-json\/wp\/v2\/types\/page"}],"author":[{"embeddable":true,"href":"https:\/\/staging.iconia.we-dev.it\/de\/wp-json\/wp\/v2\/users\/1"}],"replies":[{"embeddable":true,"href":"https:\/\/staging.iconia.we-dev.it\/de\/wp-json\/wp\/v2\/comments?post=2840"}],"version-history":[{"count":3,"href":"https:\/\/staging.iconia.we-dev.it\/de\/wp-json\/wp\/v2\/pages\/2840\/revisions"}],"predecessor-version":[{"id":3966,"href":"https:\/\/staging.iconia.we-dev.it\/de\/wp-json\/wp\/v2\/pages\/2840\/revisions\/3966"}],"wp:attachment":[{"href":"https:\/\/staging.iconia.we-dev.it\/de\/wp-json\/wp\/v2\/media?parent=2840"}],"curies":[{"name":"wp","href":"https:\/\/api.w.org\/{rel}","templated":true}]}}