{"id":2846,"date":"2024-12-19T16:42:49","date_gmt":"2024-12-19T15:42:49","guid":{"rendered":"https:\/\/staging.iconia.we-dev.it\/faq-und-tipps\/"},"modified":"2025-07-03T10:54:44","modified_gmt":"2025-07-03T08:54:44","slug":"faq-und-tipps","status":"publish","type":"page","link":"https:\/\/staging.iconia.we-dev.it\/de\/faq-und-tipps\/","title":{"rendered":"FAQ und Tipps"},"content":{"rendered":"\t\t<div data-elementor-type=\"wp-page\" data-elementor-id=\"2846\" class=\"elementor elementor-2846 elementor-1634\">\n\t\t\t\t\t\t<section class=\"elementor-section elementor-top-section elementor-element elementor-element-d0903af elementor-section-full_width wrapper-fuller section-normal elementor-section-height-default elementor-section-height-default default\" data-id=\"d0903af\" data-element_type=\"section\" data-settings=\"{&quot;background_background&quot;:&quot;classic&quot;}\">\n\t\t\t\t\t\t<div class=\"elementor-container elementor-column-gap-default\">\n\t\t\t\t\t<div class=\"elementor-column elementor-col-100 elementor-top-column elementor-element elementor-element-8403b36\" data-id=\"8403b36\" data-element_type=\"column\">\n\t\t\t<div class=\"elementor-widget-wrap elementor-element-populated\">\n\t\t\t\t\t\t<section class=\"elementor-section elementor-inner-section elementor-element elementor-element-ff29d95 elementor-section-full_width wrapper-fuller section-normal elementor-section-height-default elementor-section-height-default default\" data-id=\"ff29d95\" data-element_type=\"section\">\n\t\t\t\t\t\t<div class=\"elementor-container elementor-column-gap-default\">\n\t\t\t\t\t<div class=\"elementor-column elementor-col-50 elementor-inner-column elementor-element elementor-element-e619333 sticky-column-custom\" data-id=\"e619333\" data-element_type=\"column\">\n\t\t\t<div class=\"elementor-widget-wrap elementor-element-populated\">\n\t\t\t\t\t\t<div class=\"elementor-element elementor-element-d739ed9 elementor-widget elementor-widget-naylaheading\" data-id=\"d739ed9\" data-element_type=\"widget\" data-widget_type=\"naylaheading.default\">\n\t\t\t\t<div class=\"elementor-widget-container\">\n\t\t\t\n<div class=\"text-wrapper\">\n\n\n    <h1  class=\" has-anim-text wordsUp fade  no-revert\" data-stagger=\"0.02\" data-duration=\"1.5\"data-delay=\"0\"data-scrub=\"false\" data-pin=\"false\">\n        \n                \n        FAQ und Tipps<\/h1>\n\n\n<\/div>\n\n\n\t\t<\/div>\n\t\t\t\t<\/div>\n\t\t\t\t<div class=\"elementor-element elementor-element-6b80d4b elementor-widget elementor-widget-naylaheading\" data-id=\"6b80d4b\" data-element_type=\"widget\" data-widget_type=\"naylaheading.default\">\n\t\t\t\t<div class=\"elementor-widget-container\">\n\t\t\t\n<div class=\"text-wrapper\">\n\n\n    <h1  class=\" has-anim-text wordsUp fade  no-revert\" data-stagger=\"0.02\" data-duration=\"1.5\"data-delay=\"0\"data-scrub=\"false\" data-pin=\"false\">\n        \n                \n        Wir sind hier, um alle deine Fragen zu beantworten, und wenn du die gesuchte Antwort nicht findest, kontaktiere uns bitte.\nICONIA ist The Mini Pool Icon. <\/h1>\n\n\n<\/div>\n\n\n\t\t<\/div>\n\t\t\t\t<\/div>\n\t\t\t\t\t<\/div>\n\t\t<\/div>\n\t\t\t\t<div class=\"elementor-column elementor-col-50 elementor-inner-column elementor-element elementor-element-536dffd\" data-id=\"536dffd\" data-element_type=\"column\">\n\t\t\t<div class=\"elementor-widget-wrap elementor-element-populated\">\n\t\t\t\t\t\t<div class=\"elementor-element elementor-element-2739ae3 impronta-eco elementor-widget elementor-widget-naylaaccordion\" data-id=\"2739ae3\" data-element_type=\"widget\" data-widget_type=\"naylaaccordion.default\">\n\t\t\t\t<div class=\"elementor-widget-container\">\n\t\t\t\n<div class='nayla-accordion  icons-right'>\n    <ul class='accordion-wrap'>\n                <li class=\"accordion-item\">\n\n            <div class=\"accordion-title\">\n\n                \n                <span class=\"has-anim-text wordsUp \" data-stagger=\"0.02\" data-duration=\"1.5\"data-delay=\"0\"data-scrub=\"false\">Was ist ICONIA?<\/span>\n\n                \n                <span class=\"accordion-toggle\"><div class=\"accordion-icon-cs\"><\/div><\/span>\n\n                            <\/div>\n\n            <div class=\"accordion-content\">ICONIA ist eine Neuinterpretation des klassischen oberirdischen Minipools, ein ma\u00dfgeschneidertes Designobjekt, bei dem Material und Technologie verschmelzen, um ein exklusives Wohlf\u00fchlerlebnis zu schaffen. Jede ICONIA ist ein Gleichgewicht zwischen Handwerk und Innovation, ein Produkt, das so konzipiert ist, dass es sich dem Raum und den Bed\u00fcrfnissen seiner Nutzer anpasst.<\/div>\n\n        <\/li>\n\n                <li class=\"accordion-item\">\n\n            <div class=\"accordion-title\">\n\n                \n                <span class=\"has-anim-text wordsUp \" data-stagger=\"0.02\" data-duration=\"1.5\"data-delay=\"0\"data-scrub=\"false\">Wie wird ICONIA hergestellt?<\/span>\n\n                \n                <span class=\"accordion-toggle\"><div class=\"accordion-icon-cs\"><\/div><\/span>\n\n                            <\/div>\n\n            <div class=\"accordion-content\">Die ICONIA-L\u00f6sung basiert auf einem flexiblen Modulsystem mit einem ersten Modul von 48 cm und den folgenden von 65 cm, alle 63 cm hoch. Aus cortenfarbig verzinktem Stahl und in L-Form gefertigt, bieten sie Eleganz und Vielseitigkeit. Diese Modularit\u00e4t erm\u00f6glicht eine individuelle Konfiguration und gew\u00e4hrleistet \u00e4sthetische und visuelle Reinheit, wodurch jeder Raum harmonisch wirkt.<\/div>\n\n        <\/li>\n\n                <li class=\"accordion-item\">\n\n            <div class=\"accordion-title\">\n\n                \n                <span class=\"has-anim-text wordsUp \" data-stagger=\"0.02\" data-duration=\"1.5\"data-delay=\"0\"data-scrub=\"false\">Ist ICONIA anpassbar?<\/span>\n\n                \n                <span class=\"accordion-toggle\"><div class=\"accordion-icon-cs\"><\/div><\/span>\n\n                            <\/div>\n\n            <div class=\"accordion-content\">Ja. ICONIA wird mit einer modularen Struktur gefertigt, die dazu gedacht ist, deine Pers\u00f6nlichkeit auszudr\u00fccken. Jedes Detail kann konfiguriert werden: von der Materialpalette der Verkleidung \u00fcber die Modularit\u00e4t der Formen bis hin zu den Oberfl\u00e4chen der Au\u00dfenw\u00e4nde. Ein ma\u00dfgeschneidertes System, bei dem sich der Raum um dich herum formt.<\/div>\n\n        <\/li>\n\n                <li class=\"accordion-item\">\n\n            <div class=\"accordion-title\">\n\n                \n                <span class=\"has-anim-text wordsUp \" data-stagger=\"0.02\" data-duration=\"1.5\"data-delay=\"0\"data-scrub=\"false\">Aus welchen Materialien besteht ICONIA?<\/span>\n\n                \n                <span class=\"accordion-toggle\"><div class=\"accordion-icon-cs\"><\/div><\/span>\n\n                            <\/div>\n\n            <div class=\"accordion-content\">Eine Synergie aus Natur und Innovation. Die Seele von ICONIA ist eine Mischung aus Quarzen, Steinen und Mineralien, die poliert und geschichtet werden, bis eine organische und lebendige Oberfl\u00e4che entsteht. Das mit Quarzsand vermischte Harz wird auf die W\u00e4nde von ICONIA aufgetragen; dolomitschiefer Marmore, Sande der Fl\u00fcsse Rhein und Tessin, Farben und Schattierungen, die durch jahrtausendealte Prozesse entstanden sind. Der Umfang von ICONIA ist vielf\u00e4ltig, mit pulverbeschichteten cortenfarbigen verzinkten Stahlmodulen, denen Steinplatten beigesetzt werden k\u00f6nnen, die das Design-Erlebnis neu gestalten und eine abstrakte und einh\u00fcllende Dimension hinzuf\u00fcgen, abh\u00e4ngig von der gew\u00e4hlten Textur. Unter der Oberfl\u00e4che befindet sich die Struktur mit ihren ABS-Modulen, dem unsichtbaren \u00dcberlauf am Rand und der Hydraulik, die im daf\u00fcr vorgesehenen Technikraum konzentriert ist.<\/div>\n\n        <\/li>\n\n                <li class=\"accordion-item\">\n\n            <div class=\"accordion-title\">\n\n                \n                <span class=\"has-anim-text wordsUp \" data-stagger=\"0.02\" data-duration=\"1.5\"data-delay=\"0\"data-scrub=\"false\">Kann ICONIA \u00fcberall installiert werden?<\/span>\n\n                \n                <span class=\"accordion-toggle\"><div class=\"accordion-icon-cs\"><\/div><\/span>\n\n                            <\/div>\n\n            <div class=\"accordion-content\">ICONIA ist so konzipiert, dass sie sich an verschiedene Kontexte anpasst, vom h\u00e4uslichen Bereich bis zu Vertragsr\u00e4umen, stets mit Blick auf den Freizeitbereich. Die Modularit\u00e4t von ICONIA erm\u00f6glicht es, sie harmonisch in Au\u00dfenbereiche wie G\u00e4rten und Terrassen sowie Innenr\u00e4ume zu integrieren und sich als echtes Einrichtungselement zu positionieren.<\/div>\n\n        <\/li>\n\n                <li class=\"accordion-item\">\n\n            <div class=\"accordion-title\">\n\n                \n                <span class=\"has-anim-text wordsUp \" data-stagger=\"0.02\" data-duration=\"1.5\"data-delay=\"0\"data-scrub=\"false\">Wie lange dauert die Herstellung und Installation?<\/span>\n\n                \n                <span class=\"accordion-toggle\"><div class=\"accordion-icon-cs\"><\/div><\/span>\n\n                            <\/div>\n\n            <div class=\"accordion-content\">Die Herstellungszeiten variieren je nach gew\u00e4hlter Konfiguration, doch dank Modularit\u00e4t und optimierten Prozessen ist die Installation schnell und verursacht keine Unannehmlichkeiten. Unser Team begleitet jeden Schritt, von der Planung bis zur Installation, um ein einzigartiges Kauferlebnis zu gew\u00e4hrleisten. Eine mittelgro\u00dfe ICONIA ben\u00f6tigt etwa 7 Arbeitstage f\u00fcr die Installation; unsere spezialisierten Teams sind geschult, die Umgebung zu schonen und besonders auf den Kontext zu achten, in dem sie arbeiten.<\/div>\n\n        <\/li>\n\n                <li class=\"accordion-item\">\n\n            <div class=\"accordion-title\">\n\n                \n                <span class=\"has-anim-text wordsUp \" data-stagger=\"0.02\" data-duration=\"1.5\"data-delay=\"0\"data-scrub=\"false\">Ben\u00f6tigt ICONIA Wartung?<\/span>\n\n                \n                <span class=\"accordion-toggle\"><div class=\"accordion-icon-cs\"><\/div><\/span>\n\n                            <\/div>\n\n            <div class=\"accordion-content\">ICONIA ben\u00f6tigt nur minimale Wartung, da sie bereits mit allen hydraulischen und Filtersystemen ausgestattet ist. Es wird empfohlen, alle zwei Jahre eine L\u00f6sungsmittelbehandlung durchzuf\u00fchren, ein Verfahren zur Konsolidierung der Beschichtung, das deren Glanz und Haltbarkeit erh\u00e4lt. Dies muss selbstverst\u00e4ndlich von einer korrekten Wasserbalance begleitet werden.<\/div>\n\n        <\/li>\n\n                <li class=\"accordion-item\">\n\n            <div class=\"accordion-title\">\n\n                \n                <span class=\"has-anim-text wordsUp \" data-stagger=\"0.02\" data-duration=\"1.5\"data-delay=\"0\"data-scrub=\"false\">Wie wird ICONIA gereinigt?<\/span>\n\n                \n                <span class=\"accordion-toggle\"><div class=\"accordion-icon-cs\"><\/div><\/span>\n\n                            <\/div>\n\n            <div class=\"accordion-content\">Die t\u00e4gliche Reinigung von ICONIA erfordert keine besonderen Ma\u00dfnahmen, da sie mit allen notwendigen Filtersystemen ausgestattet ist. Sollte sich eine Ablagerung an der Wasserlinie bilden, kann diese einfach mit einer B\u00fcrste entfernt werden. F\u00fcr Desinfektions- und Vollreinigungsma\u00dfnahmen ist die oben beschriebene Konsolidierungsprozedur durchzuf\u00fchren.<\/div>\n\n        <\/li>\n\n                <li class=\"accordion-item\">\n\n            <div class=\"accordion-title\">\n\n                \n                <span class=\"has-anim-text wordsUp \" data-stagger=\"0.02\" data-duration=\"1.5\"data-delay=\"0\"data-scrub=\"false\">Wie viel kostet ICONIA?<\/span>\n\n                \n                <span class=\"accordion-toggle\"><div class=\"accordion-icon-cs\"><\/div><\/span>\n\n                            <\/div>\n\n            <div class=\"accordion-content\">ICONIA ist ein ma\u00dfgefertigtes Werk, eine Architektur aus Wasser und Material, die auf deine Bed\u00fcrfnisse zugeschnitten ist. Die Kosten variieren je nach Konfiguration, ausgew\u00e4hlten Materialien, Gr\u00f6\u00dfe und Zubeh\u00f6r. ICONIA beginnt bei 13.000 \u20ac, mit ma\u00dfgeschneiderten L\u00f6sungen, die sich dank ihrer Modularit\u00e4t an jede Notwendigkeit oder Anforderung anpassen.<\/div>\n\n        <\/li>\n\n                <li class=\"accordion-item\">\n\n            <div class=\"accordion-title\">\n\n                \n                <span class=\"has-anim-text wordsUp \" data-stagger=\"0.02\" data-duration=\"1.5\"data-delay=\"0\"data-scrub=\"false\">Wie fordere ich ein kostenloses Angebot an?<\/span>\n\n                \n                <span class=\"accordion-toggle\"><div class=\"accordion-icon-cs\"><\/div><\/span>\n\n                            <\/div>\n\n            <div class=\"accordion-content\">Unser Team steht bereit, dich bei der Erstellung deiner ICONIA zu begleiten. Kontaktiere uns \u00fcber das <a href=\"\/de\/jetzt-eintauchen\/#form\">Formular<\/a>, um von einem unserer Mitarbeiter kontaktiert zu werden, der dir alle notwendigen Informationen gibt.<\/div>\n\n        <\/li>\n\n                <li class=\"accordion-item\">\n\n            <div class=\"accordion-title\">\n\n                \n                <span class=\"has-anim-text wordsUp \" data-stagger=\"0.02\" data-duration=\"1.5\"data-delay=\"0\"data-scrub=\"false\">Welche Garantien bietet ICONIA?<\/span>\n\n                \n                <span class=\"accordion-toggle\"><div class=\"accordion-icon-cs\"><\/div><\/span>\n\n                            <\/div>\n\n            <div class=\"accordion-content\">Alle Komponenten von ICONIA sind garantiert, insbesondere:\n\nEPDM-Abdichtung: 10 Jahre\nICONIA-Beschichtung: 5 Jahre degressiv\nFilterinnenteile: 1 Jahr\nHeizung und Steuerung: 2 Jahre\nFiltergeh\u00e4use: 2 Jahre\nPumpe: 2 Jahre\nScheinwerfer: 2 Jahre\nF\u00fcr alle anderen nicht genannten Elemente gelten die gesetzlich vorgesehenen Garantien des italienischen Zivilgesetzbuches.<\/div>\n\n        <\/li>\n\n                <li class=\"accordion-item\">\n\n            <div class=\"accordion-title\">\n\n                \n                <span class=\"has-anim-text wordsUp \" data-stagger=\"0.02\" data-duration=\"1.5\"data-delay=\"0\"data-scrub=\"false\">An wen wende ich mich bei technischen Fragen oder Supportanfragen?<\/span>\n\n                \n                <span class=\"accordion-toggle\"><div class=\"accordion-icon-cs\"><\/div><\/span>\n\n                            <\/div>\n\n            <div class=\"accordion-content\">F\u00fcr technische Fragen oder Supportbedarf steht dir unser Expertenteam zur Verf\u00fcgung. Du kannst uns direkt unter info@iconia.design kontaktieren und erh\u00e4ltst individuelle Unterst\u00fctzung.<\/div>\n\n        <\/li>\n\n        \n    <\/ul>\n<\/div>\n\n\t\t<\/div>\n\t\t\t\t<\/div>\n\t\t\t\t\t<\/div>\n\t\t<\/div>\n\t\t\t\t\t<\/div>\n\t\t<\/section>\n\t\t\t\t\t<\/div>\n\t\t<\/div>\n\t\t\t\t\t<\/div>\n\t\t<\/section>\n\t\t\t\t<\/div>\n\t\t","protected":false},"excerpt":{"rendered":"<p>FAQ und Tipps Wir sind hier, um alle deine Fragen zu beantworten, und wenn du die gesuchte Antwort nicht findest, kontaktiere uns bitte. ICONIA ist The Mini Pool Icon. Was [&hellip;]<\/p>\n","protected":false},"author":1,"featured_media":0,"parent":0,"menu_order":0,"comment_status":"closed","ping_status":"closed","template":"","meta":{"_acf_changed":false,"footnotes":""},"acf":[],"yoast_head":"<!-- This site is optimized with the Yoast SEO plugin v23.8 - https:\/\/yoast.com\/wordpress\/plugins\/seo\/ -->\n<title>FAQ und Tipps - Iconia<\/title>\n<meta name=\"description\" content=\"Wir sind hier, um alle Ihre Fragen zu beantworten, und wenn wir das nicht k\u00f6nnen, nehmen Sie Kontakt mit uns auf.\" \/>\n<meta name=\"robots\" content=\"noindex, follow, max-snippet:-1, max-image-preview:large, max-video-preview:-1\" \/>\n<meta property=\"og:locale\" content=\"de_DE\" \/>\n<meta property=\"og:type\" content=\"article\" \/>\n<meta property=\"og:title\" content=\"FAQ und Tipps - Iconia\" \/>\n<meta property=\"og:description\" content=\"Wir sind hier, um alle Ihre Fragen zu beantworten, und wenn wir das nicht k\u00f6nnen, nehmen Sie Kontakt mit uns auf.\" \/>\n<meta property=\"og:url\" content=\"https:\/\/staging.iconia.we-dev.it\/de\/faq-und-tipps\/\" \/>\n<meta property=\"og:site_name\" content=\"Iconia\" \/>\n<meta property=\"article:modified_time\" content=\"2025-07-03T08:54:44+00:00\" \/>\n<meta name=\"twitter:card\" content=\"summary_large_image\" \/>\n<meta name=\"twitter:label1\" content=\"Est. reading time\" \/>\n\t<meta name=\"twitter:data1\" content=\"4 minutes\" \/>\n<!-- \/ Yoast SEO plugin. -->","yoast_head_json":{"title":"FAQ und Tipps - Iconia","description":"Wir sind hier, um alle Ihre Fragen zu beantworten, und wenn wir das nicht k\u00f6nnen, nehmen Sie Kontakt mit uns auf.","robots":{"index":"noindex","follow":"follow","max-snippet":"max-snippet:-1","max-image-preview":"max-image-preview:large","max-video-preview":"max-video-preview:-1"},"og_locale":"de_DE","og_type":"article","og_title":"FAQ und Tipps - Iconia","og_description":"Wir sind hier, um alle Ihre Fragen zu beantworten, und wenn wir das nicht k\u00f6nnen, nehmen Sie Kontakt mit uns auf.","og_url":"https:\/\/staging.iconia.we-dev.it\/de\/faq-und-tipps\/","og_site_name":"Iconia","article_modified_time":"2025-07-03T08:54:44+00:00","twitter_card":"summary_large_image","twitter_misc":{"Est. reading time":"4 minutes"},"schema":{"@context":"https:\/\/schema.org","@graph":[{"@type":"WebPage","@id":"https:\/\/staging.iconia.we-dev.it\/de\/faq-und-tipps\/","url":"https:\/\/staging.iconia.we-dev.it\/de\/faq-und-tipps\/","name":"FAQ und Tipps - Iconia","isPartOf":{"@id":"https:\/\/staging.iconia.we-dev.it\/de\/#website"},"datePublished":"2024-12-19T15:42:49+00:00","dateModified":"2025-07-03T08:54:44+00:00","description":"Wir sind hier, um alle Ihre Fragen zu beantworten, und wenn wir das nicht k\u00f6nnen, nehmen Sie Kontakt mit uns auf.","breadcrumb":{"@id":"https:\/\/staging.iconia.we-dev.it\/de\/faq-und-tipps\/#breadcrumb"},"inLanguage":"de-DE","potentialAction":[{"@type":"ReadAction","target":["https:\/\/staging.iconia.we-dev.it\/de\/faq-und-tipps\/"]}]},{"@type":"BreadcrumbList","@id":"https:\/\/staging.iconia.we-dev.it\/de\/faq-und-tipps\/#breadcrumb","itemListElement":[{"@type":"ListItem","position":1,"name":"Home","item":"https:\/\/staging.iconia.we-dev.it\/de\/"},{"@type":"ListItem","position":2,"name":"FAQ und Tipps"}]},{"@type":"WebSite","@id":"https:\/\/staging.iconia.we-dev.it\/de\/#website","url":"https:\/\/staging.iconia.we-dev.it\/de\/","name":"Iconia","description":"","potentialAction":[{"@type":"SearchAction","target":{"@type":"EntryPoint","urlTemplate":"https:\/\/staging.iconia.we-dev.it\/de\/?s={search_term_string}"},"query-input":{"@type":"PropertyValueSpecification","valueRequired":true,"valueName":"search_term_string"}}],"inLanguage":"de-DE"}]}},"_links":{"self":[{"href":"https:\/\/staging.iconia.we-dev.it\/de\/wp-json\/wp\/v2\/pages\/2846"}],"collection":[{"href":"https:\/\/staging.iconia.we-dev.it\/de\/wp-json\/wp\/v2\/pages"}],"about":[{"href":"https:\/\/staging.iconia.we-dev.it\/de\/wp-json\/wp\/v2\/types\/page"}],"author":[{"embeddable":true,"href":"https:\/\/staging.iconia.we-dev.it\/de\/wp-json\/wp\/v2\/users\/1"}],"replies":[{"embeddable":true,"href":"https:\/\/staging.iconia.we-dev.it\/de\/wp-json\/wp\/v2\/comments?post=2846"}],"version-history":[{"count":3,"href":"https:\/\/staging.iconia.we-dev.it\/de\/wp-json\/wp\/v2\/pages\/2846\/revisions"}],"predecessor-version":[{"id":3944,"href":"https:\/\/staging.iconia.we-dev.it\/de\/wp-json\/wp\/v2\/pages\/2846\/revisions\/3944"}],"wp:attachment":[{"href":"https:\/\/staging.iconia.we-dev.it\/de\/wp-json\/wp\/v2\/media?parent=2846"}],"curies":[{"name":"wp","href":"https:\/\/api.w.org\/{rel}","templated":true}]}}