{"id":2842,"date":"2024-07-29T15:27:34","date_gmt":"2024-07-29T13:27:34","guid":{"rendered":"https:\/\/staging.iconia.we-dev.it\/completa-iconia\/"},"modified":"2025-07-03T11:13:27","modified_gmt":"2025-07-03T09:13:27","slug":"completa-iconia","status":"publish","type":"page","link":"https:\/\/staging.iconia.we-dev.it\/es\/completa-iconia\/","title":{"rendered":"Completa ICONIA"},"content":{"rendered":"\t\t<div data-elementor-type=\"wp-page\" data-elementor-id=\"2842\" class=\"elementor elementor-2842 elementor-24\">\n\t\t\t\t\t\t<section class=\"elementor-section elementor-top-section elementor-element elementor-element-feba15b elementor-section-full_width wrapper-fuller section-normal elementor-section-height-default elementor-section-height-default default\" data-id=\"feba15b\" data-element_type=\"section\" data-settings=\"{&quot;background_background&quot;:&quot;classic&quot;}\">\n\t\t\t\t\t\t<div class=\"elementor-container elementor-column-gap-default\">\n\t\t\t\t\t<div class=\"elementor-column elementor-col-100 elementor-top-column elementor-element elementor-element-76c459a\" data-id=\"76c459a\" data-element_type=\"column\">\n\t\t\t<div class=\"elementor-widget-wrap elementor-element-populated\">\n\t\t\t\t\t\t<section class=\"elementor-section elementor-inner-section elementor-element elementor-element-67415bd elementor-section-full_width wrapper-fuller section-normal elementor-section-height-default elementor-section-height-default default\" data-id=\"67415bd\" data-element_type=\"section\">\n\t\t\t\t\t\t<div class=\"elementor-container elementor-column-gap-default\">\n\t\t\t\t\t<div class=\"elementor-column elementor-col-50 elementor-inner-column elementor-element elementor-element-a884997 sticky-column-custom\" data-id=\"a884997\" data-element_type=\"column\">\n\t\t\t<div class=\"elementor-widget-wrap elementor-element-populated\">\n\t\t\t\t\t\t<div class=\"elementor-element elementor-element-c850b1f elementor-widget elementor-widget-naylaheading\" data-id=\"c850b1f\" data-element_type=\"widget\" data-widget_type=\"naylaheading.default\">\n\t\t\t\t<div class=\"elementor-widget-container\">\n\t\t\t\n<div class=\"text-wrapper\">\n\n\n    <h1  class=\" has-anim-text wordsUp fade  no-revert\" data-stagger=\"0.02\" data-duration=\"1.5\"data-delay=\"0\"data-scrub=\"false\" data-pin=\"false\">\n        \n                \n        COmpleta iconia<\/h1>\n\n\n<\/div>\n\n\n\t\t<\/div>\n\t\t\t\t<\/div>\n\t\t\t\t<div class=\"elementor-element elementor-element-d4e95d4 elementor-widget elementor-widget-naylaheading\" data-id=\"d4e95d4\" data-element_type=\"widget\" data-widget_type=\"naylaheading.default\">\n\t\t\t\t<div class=\"elementor-widget-container\">\n\t\t\t\n<div class=\"text-wrapper\">\n\n\n    <h1  class=\" has-anim-text wordsUp fade  no-revert\" data-stagger=\"0.02\" data-duration=\"1.5\"data-delay=\"0\"data-scrub=\"false\" data-pin=\"false\">\n        \n                \n        Explora la colecci\u00f3n de accesorios premium para ICONIA y transforma tu experiencia. \nDesde la cubierta <b>Nyx<\/b>, pisable y protectora, hasta los asientos perimetrales <b>Kos<\/b>, que enriquecen el ambiente, pasando por los cojines <b>Hermes<\/b> que ocultan las tapas del cuarto t\u00e9cnico haci\u00e9ndose funcionales, y para terminar con los paneles Lithos que revisten las paredes exteriores y el elemento angular <b>KIMERA<\/b>, disponible en varias opciones, cada elemento est\u00e1 dise\u00f1ado para integrar el dise\u00f1o con la versatilidad de uso.<\/h1>\n\n\n<\/div>\n\n\n\t\t<\/div>\n\t\t\t\t<\/div>\n\t\t\t\t\t<\/div>\n\t\t<\/div>\n\t\t\t\t<div class=\"elementor-column elementor-col-50 elementor-inner-column elementor-element elementor-element-1f5f1d7\" data-id=\"1f5f1d7\" data-element_type=\"column\">\n\t\t\t<div class=\"elementor-widget-wrap elementor-element-populated\">\n\t\t\t\t\t\t<div class=\"elementor-element elementor-element-73eb20b elementor-widget elementor-widget-naylaprojectsgrid\" data-id=\"73eb20b\" data-element_type=\"widget\" data-widget_type=\"naylaprojectsgrid.default\">\n\t\t\t\t<div class=\"elementor-widget-container\">\n\t\t\t\n\n<!-- Portfolio Grid -->\n<div class=\"portfolio-grid details-above no filterable col-2\" data-view-text=\"View Project\" data-hovers=\"classic cursor arrow imageMask\" data-total=\"5\" >\n\n\n    \n    <!-- Projects Wrapper -->\n    <div class=\"grid-projects-wrapper\">\n\n        \n        <!-- Project -->\n        <div class=\"grid-project needs--handle align-right  cat_prodotti \" data-duration=1 data-delay=\"0\" data-scrub=\"false\" data-pin=\"false\" data-anim-out=\"false\" >\n\n            <!-- Project URL --><a data-id=\"3239\" class=\"barba--trigger  cursor-default\"  href=\"https:\/\/staging.iconia.we-dev.it\/es\/accesorios\/asientos-kos\/\">\n\n                <div class=\"grid-project-wrap\">\n\n                    <!--  Image -->\n                    <div class=\"grid-project-image\">\n\n                            <!-- Project Image -->\n                <div class=\"project-image project__image__3239\">\n                <img decoding=\"async\" src=\"https:\/\/staging.iconia.we-dev.it\/app\/uploads\/2024\/08\/Sedute-perimetrali-Listato-min.jpg\" class=\"attachment-post-thumbnail size-post-thumbnail wp-post-image\" alt=\"\" srcset=\"https:\/\/staging.iconia.we-dev.it\/app\/uploads\/2024\/08\/Sedute-perimetrali-Listato-min.jpg 1080w, https:\/\/staging.iconia.we-dev.it\/app\/uploads\/2024\/08\/Sedute-perimetrali-Listato-min-300x300.jpg 300w, https:\/\/staging.iconia.we-dev.it\/app\/uploads\/2024\/08\/Sedute-perimetrali-Listato-min-1024x1024.jpg 1024w, https:\/\/staging.iconia.we-dev.it\/app\/uploads\/2024\/08\/Sedute-perimetrali-Listato-min-150x150.jpg 150w, https:\/\/staging.iconia.we-dev.it\/app\/uploads\/2024\/08\/Sedute-perimetrali-Listato-min-768x769.jpg 768w\" sizes=\"(max-width: 1080px) 100vw, 1080px\" \/>\n    <\/div>\n    <!--\/Project Image -->\n\n    \n                    <\/div>\n                    <!--\/ Image -->\n\n                    <!--  Meta -->\n                    <div class=\"grid-project-meta\">\n\n                        <!-- Title -->\n                        <div class=\"grid-project-title\">\n                            Asientos KOS                        <\/div>\n                        <!--\/ Title -->\n\n                                            <\/div>\n                    <!--\/ Meta -->\n\n                <\/div>\n\n            <\/a>\n\n        <\/div>\n        <!--\/Project -->\n\n\n        \n        <!-- Project -->\n        <div class=\"grid-project needs--handle align-right  cat_prodotti \" data-duration=1 data-delay=\"0\" data-scrub=\"false\" data-pin=\"false\" data-anim-out=\"false\" >\n\n            <!-- Project URL --><a data-id=\"3257\" class=\"barba--trigger  cursor-default\"  href=\"https:\/\/staging.iconia.we-dev.it\/es\/accesorios\/kimera\/\">\n\n                <div class=\"grid-project-wrap\">\n\n                    <!--  Image -->\n                    <div class=\"grid-project-image\">\n\n                            <!-- Project Image -->\n                <div class=\"project-image project__image__3257\">\n                <img decoding=\"async\" src=\"https:\/\/staging.iconia.we-dev.it\/app\/uploads\/2024\/08\/Elemento-Angolare-Listato-min.jpg\" class=\"attachment-post-thumbnail size-post-thumbnail wp-post-image\" alt=\"\" srcset=\"https:\/\/staging.iconia.we-dev.it\/app\/uploads\/2024\/08\/Elemento-Angolare-Listato-min.jpg 1080w, https:\/\/staging.iconia.we-dev.it\/app\/uploads\/2024\/08\/Elemento-Angolare-Listato-min-300x300.jpg 300w, https:\/\/staging.iconia.we-dev.it\/app\/uploads\/2024\/08\/Elemento-Angolare-Listato-min-1024x1024.jpg 1024w, https:\/\/staging.iconia.we-dev.it\/app\/uploads\/2024\/08\/Elemento-Angolare-Listato-min-150x150.jpg 150w, https:\/\/staging.iconia.we-dev.it\/app\/uploads\/2024\/08\/Elemento-Angolare-Listato-min-768x769.jpg 768w\" sizes=\"(max-width: 1080px) 100vw, 1080px\" \/>\n    <\/div>\n    <!--\/Project Image -->\n\n    \n                    <\/div>\n                    <!--\/ Image -->\n\n                    <!--  Meta -->\n                    <div class=\"grid-project-meta\">\n\n                        <!-- Title -->\n                        <div class=\"grid-project-title\">\n                            KIMERA                        <\/div>\n                        <!--\/ Title -->\n\n                                            <\/div>\n                    <!--\/ Meta -->\n\n                <\/div>\n\n            <\/a>\n\n        <\/div>\n        <!--\/Project -->\n\n\n        \n        <!-- Project -->\n        <div class=\"grid-project needs--handle align-right  cat_prodotti \" data-duration=1 data-delay=\"0\" data-scrub=\"false\" data-pin=\"false\" data-anim-out=\"false\" >\n\n            <!-- Project URL --><a data-id=\"3267\" class=\"barba--trigger  cursor-default\"  href=\"https:\/\/staging.iconia.we-dev.it\/es\/accesorios\/cojines-hermes\/\">\n\n                <div class=\"grid-project-wrap\">\n\n                    <!--  Image -->\n                    <div class=\"grid-project-image\">\n\n                            <!-- Project Image -->\n                <div class=\"project-image project__image__3267\">\n                <img decoding=\"async\" src=\"https:\/\/staging.iconia.we-dev.it\/app\/uploads\/2024\/08\/Copertura-locale-tecnico-Listato-min.jpg\" class=\"attachment-post-thumbnail size-post-thumbnail wp-post-image\" alt=\"\" srcset=\"https:\/\/staging.iconia.we-dev.it\/app\/uploads\/2024\/08\/Copertura-locale-tecnico-Listato-min.jpg 1080w, https:\/\/staging.iconia.we-dev.it\/app\/uploads\/2024\/08\/Copertura-locale-tecnico-Listato-min-300x300.jpg 300w, https:\/\/staging.iconia.we-dev.it\/app\/uploads\/2024\/08\/Copertura-locale-tecnico-Listato-min-1024x1024.jpg 1024w, https:\/\/staging.iconia.we-dev.it\/app\/uploads\/2024\/08\/Copertura-locale-tecnico-Listato-min-150x150.jpg 150w, https:\/\/staging.iconia.we-dev.it\/app\/uploads\/2024\/08\/Copertura-locale-tecnico-Listato-min-768x769.jpg 768w\" sizes=\"(max-width: 1080px) 100vw, 1080px\" \/>\n    <\/div>\n    <!--\/Project Image -->\n\n    \n                    <\/div>\n                    <!--\/ Image -->\n\n                    <!--  Meta -->\n                    <div class=\"grid-project-meta\">\n\n                        <!-- Title -->\n                        <div class=\"grid-project-title\">\n                            Cojines HERMES                        <\/div>\n                        <!--\/ Title -->\n\n                                            <\/div>\n                    <!--\/ Meta -->\n\n                <\/div>\n\n            <\/a>\n\n        <\/div>\n        <!--\/Project -->\n\n\n        \n        <!-- Project -->\n        <div class=\"grid-project needs--handle align-right  cat_prodotti \" data-duration=1 data-delay=\"0\" data-scrub=\"false\" data-pin=\"false\" data-anim-out=\"false\" >\n\n            <!-- Project URL --><a data-id=\"3277\" class=\"barba--trigger  cursor-default\"  href=\"https:\/\/staging.iconia.we-dev.it\/es\/accesorios\/lithos\/\">\n\n                <div class=\"grid-project-wrap\">\n\n                    <!--  Image -->\n                    <div class=\"grid-project-image\">\n\n                            <!-- Project Image -->\n                <div class=\"project-image project__image__3277\">\n                <img decoding=\"async\" src=\"https:\/\/staging.iconia.we-dev.it\/app\/uploads\/2024\/08\/Panellatura-Personalizzata-Listato.jpg\" class=\"attachment-post-thumbnail size-post-thumbnail wp-post-image\" alt=\"\" srcset=\"https:\/\/staging.iconia.we-dev.it\/app\/uploads\/2024\/08\/Panellatura-Personalizzata-Listato.jpg 1080w, https:\/\/staging.iconia.we-dev.it\/app\/uploads\/2024\/08\/Panellatura-Personalizzata-Listato-300x300.jpg 300w, https:\/\/staging.iconia.we-dev.it\/app\/uploads\/2024\/08\/Panellatura-Personalizzata-Listato-1024x1024.jpg 1024w, https:\/\/staging.iconia.we-dev.it\/app\/uploads\/2024\/08\/Panellatura-Personalizzata-Listato-150x150.jpg 150w, https:\/\/staging.iconia.we-dev.it\/app\/uploads\/2024\/08\/Panellatura-Personalizzata-Listato-768x769.jpg 768w\" sizes=\"(max-width: 1080px) 100vw, 1080px\" \/>\n    <\/div>\n    <!--\/Project Image -->\n\n    \n                    <\/div>\n                    <!--\/ Image -->\n\n                    <!--  Meta -->\n                    <div class=\"grid-project-meta\">\n\n                        <!-- Title -->\n                        <div class=\"grid-project-title\">\n                            LITHOS                        <\/div>\n                        <!--\/ Title -->\n\n                                            <\/div>\n                    <!--\/ Meta -->\n\n                <\/div>\n\n            <\/a>\n\n        <\/div>\n        <!--\/Project -->\n\n\n        \n        <!-- Project -->\n        <div class=\"grid-project needs--handle align-right  cat_prodotti \" data-duration=1 data-delay=\"0\" data-scrub=\"false\" data-pin=\"false\" data-anim-out=\"false\" >\n\n            <!-- Project URL --><a data-id=\"3292\" class=\"barba--trigger  cursor-default\"  href=\"https:\/\/staging.iconia.we-dev.it\/es\/accesorios\/cobertura-nyx\/\">\n\n                <div class=\"grid-project-wrap\">\n\n                    <!--  Image -->\n                    <div class=\"grid-project-image\">\n\n                            <!-- Project Image -->\n                <div class=\"project-image project__image__3292\">\n                <img decoding=\"async\" src=\"https:\/\/staging.iconia.we-dev.it\/app\/uploads\/2024\/08\/Copertura-Premium-Listato-min.jpg\" class=\"attachment-post-thumbnail size-post-thumbnail wp-post-image\" alt=\"\" srcset=\"https:\/\/staging.iconia.we-dev.it\/app\/uploads\/2024\/08\/Copertura-Premium-Listato-min.jpg 1080w, https:\/\/staging.iconia.we-dev.it\/app\/uploads\/2024\/08\/Copertura-Premium-Listato-min-300x300.jpg 300w, https:\/\/staging.iconia.we-dev.it\/app\/uploads\/2024\/08\/Copertura-Premium-Listato-min-1024x1024.jpg 1024w, https:\/\/staging.iconia.we-dev.it\/app\/uploads\/2024\/08\/Copertura-Premium-Listato-min-150x150.jpg 150w, https:\/\/staging.iconia.we-dev.it\/app\/uploads\/2024\/08\/Copertura-Premium-Listato-min-768x769.jpg 768w\" sizes=\"(max-width: 1080px) 100vw, 1080px\" \/>\n    <\/div>\n    <!--\/Project Image -->\n\n    \n                    <\/div>\n                    <!--\/ Image -->\n\n                    <!--  Meta -->\n                    <div class=\"grid-project-meta\">\n\n                        <!-- Title -->\n                        <div class=\"grid-project-title\">\n                            Cobertura NYX                        <\/div>\n                        <!--\/ Title -->\n\n                                            <\/div>\n                    <!--\/ Meta -->\n\n                <\/div>\n\n            <\/a>\n\n        <\/div>\n        <!--\/Project -->\n\n\n        \n\n\n\n\n    <\/div>\n    <!--\/Projects Wrapper -->\n\n        \n<\/div>\n<!--\/Portfolio Grid -->\n\n\n\t\t<\/div>\n\t\t\t\t<\/div>\n\t\t\t\t\t<\/div>\n\t\t<\/div>\n\t\t\t\t\t<\/div>\n\t\t<\/section>\n\t\t\t\t\t<\/div>\n\t\t<\/div>\n\t\t\t\t\t<\/div>\n\t\t<\/section>\n\t\t\t\t<\/div>\n\t\t","protected":false},"excerpt":{"rendered":"<p>COmpleta iconia Explora la colecci\u00f3n de accesorios premium para ICONIA y transforma tu experiencia. Desde la cubierta Nyx, pisable y protectora, hasta los asientos perimetrales Kos, que enriquecen el ambiente, [&hellip;]<\/p>\n","protected":false},"author":1,"featured_media":0,"parent":0,"menu_order":0,"comment_status":"closed","ping_status":"closed","template":"","meta":{"_acf_changed":false,"footnotes":""},"acf":[],"yoast_head":"<!-- This site is optimized with the Yoast SEO plugin v23.8 - https:\/\/yoast.com\/wordpress\/plugins\/seo\/ -->\n<title>Completa tu Iconia: descubre todos los accesorios - Iconia<\/title>\n<meta name=\"description\" content=\"\u00bfQuieres hacer que tu Iconia sea a\u00fan m\u00e1s \u00fanico? Descubre nuestra colecci\u00f3n de accesorios y personaliza tu minipiscina.\" \/>\n<meta name=\"robots\" content=\"noindex, follow, max-snippet:-1, max-image-preview:large, max-video-preview:-1\" \/>\n<meta property=\"og:locale\" content=\"es_ES\" \/>\n<meta property=\"og:type\" content=\"article\" \/>\n<meta property=\"og:title\" content=\"Completa tu Iconia: descubre todos los accesorios - Iconia\" \/>\n<meta property=\"og:description\" content=\"\u00bfQuieres hacer que tu Iconia sea a\u00fan m\u00e1s \u00fanico? Descubre nuestra colecci\u00f3n de accesorios y personaliza tu minipiscina.\" \/>\n<meta property=\"og:url\" content=\"https:\/\/staging.iconia.we-dev.it\/es\/completa-iconia\/\" \/>\n<meta property=\"og:site_name\" content=\"Iconia\" \/>\n<meta property=\"article:modified_time\" content=\"2025-07-03T09:13:27+00:00\" \/>\n<meta name=\"twitter:card\" content=\"summary_large_image\" \/>\n<meta name=\"twitter:label1\" content=\"Est. reading time\" \/>\n\t<meta name=\"twitter:data1\" content=\"1 minute\" \/>\n<!-- \/ Yoast SEO plugin. -->","yoast_head_json":{"title":"Completa tu Iconia: descubre todos los accesorios - Iconia","description":"\u00bfQuieres hacer que tu Iconia sea a\u00fan m\u00e1s \u00fanico? Descubre nuestra colecci\u00f3n de accesorios y personaliza tu minipiscina.","robots":{"index":"noindex","follow":"follow","max-snippet":"max-snippet:-1","max-image-preview":"max-image-preview:large","max-video-preview":"max-video-preview:-1"},"og_locale":"es_ES","og_type":"article","og_title":"Completa tu Iconia: descubre todos los accesorios - Iconia","og_description":"\u00bfQuieres hacer que tu Iconia sea a\u00fan m\u00e1s \u00fanico? Descubre nuestra colecci\u00f3n de accesorios y personaliza tu minipiscina.","og_url":"https:\/\/staging.iconia.we-dev.it\/es\/completa-iconia\/","og_site_name":"Iconia","article_modified_time":"2025-07-03T09:13:27+00:00","twitter_card":"summary_large_image","twitter_misc":{"Est. reading time":"1 minute"},"schema":{"@context":"https:\/\/schema.org","@graph":[{"@type":"WebPage","@id":"https:\/\/staging.iconia.we-dev.it\/es\/completa-iconia\/","url":"https:\/\/staging.iconia.we-dev.it\/es\/completa-iconia\/","name":"Completa tu Iconia: descubre todos los accesorios - Iconia","isPartOf":{"@id":"https:\/\/staging.iconia.we-dev.it\/es\/#website"},"datePublished":"2024-07-29T13:27:34+00:00","dateModified":"2025-07-03T09:13:27+00:00","description":"\u00bfQuieres hacer que tu Iconia sea a\u00fan m\u00e1s \u00fanico? Descubre nuestra colecci\u00f3n de accesorios y personaliza tu minipiscina.","breadcrumb":{"@id":"https:\/\/staging.iconia.we-dev.it\/es\/completa-iconia\/#breadcrumb"},"inLanguage":"es-ES","potentialAction":[{"@type":"ReadAction","target":["https:\/\/staging.iconia.we-dev.it\/es\/completa-iconia\/"]}]},{"@type":"BreadcrumbList","@id":"https:\/\/staging.iconia.we-dev.it\/es\/completa-iconia\/#breadcrumb","itemListElement":[{"@type":"ListItem","position":1,"name":"Home","item":"https:\/\/staging.iconia.we-dev.it\/es\/"},{"@type":"ListItem","position":2,"name":"Completa ICONIA"}]},{"@type":"WebSite","@id":"https:\/\/staging.iconia.we-dev.it\/es\/#website","url":"https:\/\/staging.iconia.we-dev.it\/es\/","name":"Iconia","description":"","potentialAction":[{"@type":"SearchAction","target":{"@type":"EntryPoint","urlTemplate":"https:\/\/staging.iconia.we-dev.it\/es\/?s={search_term_string}"},"query-input":{"@type":"PropertyValueSpecification","valueRequired":true,"valueName":"search_term_string"}}],"inLanguage":"es-ES"}]}},"_links":{"self":[{"href":"https:\/\/staging.iconia.we-dev.it\/es\/wp-json\/wp\/v2\/pages\/2842"}],"collection":[{"href":"https:\/\/staging.iconia.we-dev.it\/es\/wp-json\/wp\/v2\/pages"}],"about":[{"href":"https:\/\/staging.iconia.we-dev.it\/es\/wp-json\/wp\/v2\/types\/page"}],"author":[{"embeddable":true,"href":"https:\/\/staging.iconia.we-dev.it\/es\/wp-json\/wp\/v2\/users\/1"}],"replies":[{"embeddable":true,"href":"https:\/\/staging.iconia.we-dev.it\/es\/wp-json\/wp\/v2\/comments?post=2842"}],"version-history":[{"count":3,"href":"https:\/\/staging.iconia.we-dev.it\/es\/wp-json\/wp\/v2\/pages\/2842\/revisions"}],"predecessor-version":[{"id":3108,"href":"https:\/\/staging.iconia.we-dev.it\/es\/wp-json\/wp\/v2\/pages\/2842\/revisions\/3108"}],"wp:attachment":[{"href":"https:\/\/staging.iconia.we-dev.it\/es\/wp-json\/wp\/v2\/media?parent=2842"}],"curies":[{"name":"wp","href":"https:\/\/api.w.org\/{rel}","templated":true}]}}