{"id":2848,"date":"2024-12-19T16:42:49","date_gmt":"2024-12-19T15:42:49","guid":{"rendered":"https:\/\/staging.iconia.we-dev.it\/preguntas-frecuentes-y-consejos\/"},"modified":"2025-07-03T11:16:52","modified_gmt":"2025-07-03T09:16:52","slug":"preguntas-frecuentes-y-consejos","status":"publish","type":"page","link":"https:\/\/staging.iconia.we-dev.it\/es\/preguntas-frecuentes-y-consejos\/","title":{"rendered":"FAQ y consejos"},"content":{"rendered":"\t\t<div data-elementor-type=\"wp-page\" data-elementor-id=\"2848\" class=\"elementor elementor-2848 elementor-1634\">\n\t\t\t\t\t\t<section class=\"elementor-section elementor-top-section elementor-element elementor-element-d0903af elementor-section-full_width wrapper-fuller section-normal elementor-section-height-default elementor-section-height-default default\" data-id=\"d0903af\" data-element_type=\"section\" data-settings=\"{&quot;background_background&quot;:&quot;classic&quot;}\">\n\t\t\t\t\t\t<div class=\"elementor-container elementor-column-gap-default\">\n\t\t\t\t\t<div class=\"elementor-column elementor-col-100 elementor-top-column elementor-element elementor-element-8403b36\" data-id=\"8403b36\" data-element_type=\"column\">\n\t\t\t<div class=\"elementor-widget-wrap elementor-element-populated\">\n\t\t\t\t\t\t<section class=\"elementor-section elementor-inner-section elementor-element elementor-element-ff29d95 elementor-section-full_width wrapper-fuller section-normal elementor-section-height-default elementor-section-height-default default\" data-id=\"ff29d95\" data-element_type=\"section\">\n\t\t\t\t\t\t<div class=\"elementor-container elementor-column-gap-default\">\n\t\t\t\t\t<div class=\"elementor-column elementor-col-50 elementor-inner-column elementor-element elementor-element-e619333 sticky-column-custom\" data-id=\"e619333\" data-element_type=\"column\">\n\t\t\t<div class=\"elementor-widget-wrap elementor-element-populated\">\n\t\t\t\t\t\t<div class=\"elementor-element elementor-element-d739ed9 elementor-widget elementor-widget-naylaheading\" data-id=\"d739ed9\" data-element_type=\"widget\" data-widget_type=\"naylaheading.default\">\n\t\t\t\t<div class=\"elementor-widget-container\">\n\t\t\t\n<div class=\"text-wrapper\">\n\n\n    <h1  class=\" has-anim-text wordsUp fade  no-revert\" data-stagger=\"0.02\" data-duration=\"1.5\"data-delay=\"0\"data-scrub=\"false\" data-pin=\"false\">\n        \n                \n        FAQ y consejos<\/h1>\n\n\n<\/div>\n\n\n\t\t<\/div>\n\t\t\t\t<\/div>\n\t\t\t\t<div class=\"elementor-element elementor-element-6b80d4b elementor-widget elementor-widget-naylaheading\" data-id=\"6b80d4b\" data-element_type=\"widget\" data-widget_type=\"naylaheading.default\">\n\t\t\t\t<div class=\"elementor-widget-container\">\n\t\t\t\n<div class=\"text-wrapper\">\n\n\n    <h1  class=\" has-anim-text wordsUp fade  no-revert\" data-stagger=\"0.02\" data-duration=\"1.5\"data-delay=\"0\"data-scrub=\"false\" data-pin=\"false\">\n        \n                \n        Estamos aqu\u00ed para responder todas tus preguntas y, si no encuentras la respuesta que buscas, cont\u00e1ctanos.\nICONIA es The Mini Pool Icon.<\/h1>\n\n\n<\/div>\n\n\n\t\t<\/div>\n\t\t\t\t<\/div>\n\t\t\t\t\t<\/div>\n\t\t<\/div>\n\t\t\t\t<div class=\"elementor-column elementor-col-50 elementor-inner-column elementor-element elementor-element-536dffd\" data-id=\"536dffd\" data-element_type=\"column\">\n\t\t\t<div class=\"elementor-widget-wrap elementor-element-populated\">\n\t\t\t\t\t\t<div class=\"elementor-element elementor-element-2739ae3 impronta-eco elementor-widget elementor-widget-naylaaccordion\" data-id=\"2739ae3\" data-element_type=\"widget\" data-widget_type=\"naylaaccordion.default\">\n\t\t\t\t<div class=\"elementor-widget-container\">\n\t\t\t\n<div class='nayla-accordion  icons-right'>\n    <ul class='accordion-wrap'>\n                <li class=\"accordion-item\">\n\n            <div class=\"accordion-title\">\n\n                \n                <span class=\"has-anim-text wordsUp \" data-stagger=\"0.02\" data-duration=\"1.5\"data-delay=\"0\"data-scrub=\"false\">\u00bfQu\u00e9 es ICONIA?<\/span>\n\n                \n                <span class=\"accordion-toggle\"><div class=\"accordion-icon-cs\"><\/div><\/span>\n\n                            <\/div>\n\n            <div class=\"accordion-content\">ICONIA es una reinterpretaci\u00f3n de la cl\u00e1sica minipiscina fuera de tierra, un objeto de dise\u00f1o hecho a medida, donde materia y tecnolog\u00eda se fusionan para crear una experiencia exclusiva de bienestar. Cada ICONIA es un equilibrio entre artesan\u00eda e innovaci\u00f3n, un producto concebido para adaptarse al espacio y a las necesidades de quien lo vive.<\/div>\n\n        <\/li>\n\n                <li class=\"accordion-item\">\n\n            <div class=\"accordion-title\">\n\n                \n                <span class=\"has-anim-text wordsUp \" data-stagger=\"0.02\" data-duration=\"1.5\"data-delay=\"0\"data-scrub=\"false\">\u00bfC\u00f3mo se construye ICONIA?<\/span>\n\n                \n                <span class=\"accordion-toggle\"><div class=\"accordion-icon-cs\"><\/div><\/span>\n\n                            <\/div>\n\n            <div class=\"accordion-content\">La soluci\u00f3n ICONIA se basa en un sistema modular flexible, con un primer m\u00f3dulo de 48 cm y los siguientes de 65 cm, con una altura de 63 cm. Fabricados en acero galvanizado color corten y con forma en L, ofrecen elegancia y versatilidad. Esta modularidad permite una configuraci\u00f3n personalizada y asegura una pureza est\u00e9tica y visual, aportando armon\u00eda a cualquier espacio.<\/div>\n\n        <\/li>\n\n                <li class=\"accordion-item\">\n\n            <div class=\"accordion-title\">\n\n                \n                <span class=\"has-anim-text wordsUp \" data-stagger=\"0.02\" data-duration=\"1.5\"data-delay=\"0\"data-scrub=\"false\">\u00bfICONIA es personalizable?<\/span>\n\n                \n                <span class=\"accordion-toggle\"><div class=\"accordion-icon-cs\"><\/div><\/span>\n\n                            <\/div>\n\n            <div class=\"accordion-content\">S\u00ed. ICONIA se realiza mediante una estructura modular, pensada para expresar tu personalidad. Cada detalle puede configurarse: desde la paleta material del revestimiento hasta la modularidad de las formas, pasando por las superficies de las paredes exteriores. Un sistema a medida donde el espacio se moldea a tu alrededor.<\/div>\n\n        <\/li>\n\n                <li class=\"accordion-item\">\n\n            <div class=\"accordion-title\">\n\n                \n                <span class=\"has-anim-text wordsUp \" data-stagger=\"0.02\" data-duration=\"1.5\"data-delay=\"0\"data-scrub=\"false\">\u00bfDe qu\u00e9 materiales est\u00e1 compuesta ICONIA?<\/span>\n\n                \n                <span class=\"accordion-toggle\"><div class=\"accordion-icon-cs\"><\/div><\/span>\n\n                            <\/div>\n\n            <div class=\"accordion-content\">Una sinergia entre naturaleza e innovaci\u00f3n. El alma de ICONIA es una mezcla de cuarzos, piedras y minerales, pulidos y estratificados hasta obtener una superficie org\u00e1nica y vibrante. La resina mezclada con arena de cuarzo se funde y luego se extiende sobre las paredes de ICONIA; m\u00e1rmoles dolom\u00edticos, arenas de los r\u00edos Rin y Ticino, colores y matices obtenidos a partir de procesos milenarios. El per\u00edmetro de ICONIA es multiforme, con m\u00f3dulos de acero galvanizado pintados color corten, a los que se pueden a\u00f1adir placas de piedra que remodelan la experiencia de dise\u00f1o, a\u00f1adiendo una dimensi\u00f3n abstracta y envolvente seg\u00fan la textura elegida. Bajo la superficie encontramos la estructura, con sus m\u00f3dulos de ABS, su rebosadero perimetral invisible y la parte hidr\u00e1ulica concentrada en el cuarto t\u00e9cnico dedicado.<\/div>\n\n        <\/li>\n\n                <li class=\"accordion-item\">\n\n            <div class=\"accordion-title\">\n\n                \n                <span class=\"has-anim-text wordsUp \" data-stagger=\"0.02\" data-duration=\"1.5\"data-delay=\"0\"data-scrub=\"false\">\u00bfICONIA puede instalarse en cualquier lugar?<\/span>\n\n                \n                <span class=\"accordion-toggle\"><div class=\"accordion-icon-cs\"><\/div><\/span>\n\n                            <\/div>\n\n            <div class=\"accordion-content\">ICONIA est\u00e1 concebida para adaptarse a diferentes contextos, desde el \u00e1mbito dom\u00e9stico hasta espacios contract, siempre con una mirada al mundo del ocio. La modularidad de ICONIA permite construirla e integrarla con armon\u00eda, tanto en espacios exteriores como jardines y terrazas, como interiores, posicion\u00e1ndose como un verdadero elemento de mobiliario.<\/div>\n\n        <\/li>\n\n                <li class=\"accordion-item\">\n\n            <div class=\"accordion-title\">\n\n                \n                <span class=\"has-anim-text wordsUp \" data-stagger=\"0.02\" data-duration=\"1.5\"data-delay=\"0\"data-scrub=\"false\">\u00bfCu\u00e1les son los tiempos de fabricaci\u00f3n e instalaci\u00f3n?<\/span>\n\n                \n                <span class=\"accordion-toggle\"><div class=\"accordion-icon-cs\"><\/div><\/span>\n\n                            <\/div>\n\n            <div class=\"accordion-content\">Los tiempos de fabricaci\u00f3n var\u00edan seg\u00fan la configuraci\u00f3n elegida, pero gracias a la modularidad y a nuestros procesos optimizados, la instalaci\u00f3n es r\u00e1pida, evitando cualquier molestia. Nuestro equipo supervisa cada etapa, desde la ideaci\u00f3n hasta la instalaci\u00f3n, para asegurar una experiencia de compra \u00fanica. Una ICONIA de tama\u00f1o medio requiere aproximadamente 7 d\u00edas laborables para la instalaci\u00f3n; nuestros equipos especializados est\u00e1n formados para preservar el entorno, prestando especial atenci\u00f3n al contexto que los acoge.<\/div>\n\n        <\/li>\n\n                <li class=\"accordion-item\">\n\n            <div class=\"accordion-title\">\n\n                \n                <span class=\"has-anim-text wordsUp \" data-stagger=\"0.02\" data-duration=\"1.5\"data-delay=\"0\"data-scrub=\"false\">\u00bfICONIA requiere mantenimiento?<\/span>\n\n                \n                <span class=\"accordion-toggle\"><div class=\"accordion-icon-cs\"><\/div><\/span>\n\n                            <\/div>\n\n            <div class=\"accordion-content\">ICONIA requiere un mantenimiento m\u00ednimo, ya que est\u00e1 equipada con todos los componentes hidr\u00e1ulicos y de filtraci\u00f3n. Se recomienda realizar cada dos a\u00f1os el proceso de solventado, un tratamiento de consolidaci\u00f3n del revestimiento que preserva su brillo y durabilidad en el tiempo. Todo ello debe acompa\u00f1arse claramente de un correcto equilibrio del agua.<\/div>\n\n        <\/li>\n\n                <li class=\"accordion-item\">\n\n            <div class=\"accordion-title\">\n\n                \n                <span class=\"has-anim-text wordsUp \" data-stagger=\"0.02\" data-duration=\"1.5\"data-delay=\"0\"data-scrub=\"false\">\u00bfC\u00f3mo se limpia ICONIA?<\/span>\n\n                \n                <span class=\"accordion-toggle\"><div class=\"accordion-icon-cs\"><\/div><\/span>\n\n                            <\/div>\n\n            <div class=\"accordion-content\">La limpieza diaria de ICONIA no requiere cuidados especiales, ya que est\u00e1 equipada con todos los componentes de filtraci\u00f3n necesarios. Si se forma un dep\u00f3sito en la l\u00ednea de flotaci\u00f3n, se puede limpiar con un cepillo simple. Para intervenciones de desinfecci\u00f3n y limpieza total de la piscina, ser\u00e1 necesario realizar el proceso de consolidaci\u00f3n indicado anteriormente.<\/div>\n\n        <\/li>\n\n                <li class=\"accordion-item\">\n\n            <div class=\"accordion-title\">\n\n                \n                <span class=\"has-anim-text wordsUp \" data-stagger=\"0.02\" data-duration=\"1.5\"data-delay=\"0\"data-scrub=\"false\">\u00bfCu\u00e1nto cuesta ICONIA?<\/span>\n\n                \n                <span class=\"accordion-toggle\"><div class=\"accordion-icon-cs\"><\/div><\/span>\n\n                            <\/div>\n\n            <div class=\"accordion-content\">ICONIA es una obra a medida, una arquitectura de agua y materia moldeada seg\u00fan tus necesidades. El costo var\u00eda seg\u00fan la configuraci\u00f3n, los materiales elegidos, las dimensiones y los accesorios. ICONIA parte de 13.000 \u20ac, con soluciones personalizadas que se adaptan a cualquier necesidad o exigencia, gracias a su modularidad.<\/div>\n\n        <\/li>\n\n                <li class=\"accordion-item\">\n\n            <div class=\"accordion-title\">\n\n                \n                <span class=\"has-anim-text wordsUp \" data-stagger=\"0.02\" data-duration=\"1.5\"data-delay=\"0\"data-scrub=\"false\">\u00bfC\u00f3mo solicitar un presupuesto gratuito?<\/span>\n\n                \n                <span class=\"accordion-toggle\"><div class=\"accordion-icon-cs\"><\/div><\/span>\n\n                            <\/div>\n\n            <div class=\"accordion-content\">Nuestro equipo est\u00e1 listo para guiarte en la creaci\u00f3n de tu ICONIA. Cont\u00e1ctanos a trav\u00e9s del <a href=\"\/es\/sumergete-ahora\/#form\">formulario<\/a> para ser contactado por uno de nuestros colaboradores que te proporcionar\u00e1 toda la informaci\u00f3n necesaria.<\/div>\n\n        <\/li>\n\n                <li class=\"accordion-item\">\n\n            <div class=\"accordion-title\">\n\n                \n                <span class=\"has-anim-text wordsUp \" data-stagger=\"0.02\" data-duration=\"1.5\"data-delay=\"0\"data-scrub=\"false\">\u00bfQu\u00e9 garant\u00edas tiene ICONIA?<\/span>\n\n                \n                <span class=\"accordion-toggle\"><div class=\"accordion-icon-cs\"><\/div><\/span>\n\n                            <\/div>\n\n            <div class=\"accordion-content\">Todas las piezas de ICONIA est\u00e1n garantizadas, en concreto:\n\nImpermeabilizaci\u00f3n EPDM: 10 a\u00f1os\nRevestimiento ICONIA: 5 a\u00f1os decrecientes\nComponentes internos del filtro: 1 a\u00f1o\nCalefactor y centralita: 2 a\u00f1os\nCuerpo del filtro: 2 a\u00f1os\nBomba: 2 a\u00f1os\nProyectores: 2 a\u00f1os\nPara todos los dem\u00e1s elementos no indicados anteriormente, se aplicar\u00e1n las garant\u00edas legales previstas por el C\u00f3digo Civil Italiano.<\/div>\n\n        <\/li>\n\n                <li class=\"accordion-item\">\n\n            <div class=\"accordion-title\">\n\n                \n                <span class=\"has-anim-text wordsUp \" data-stagger=\"0.02\" data-duration=\"1.5\"data-delay=\"0\"data-scrub=\"false\">\u00bfA qui\u00e9n me dirijo en caso de preguntas t\u00e9cnicas o solicitud de asistencia?<\/span>\n\n                \n                <span class=\"accordion-toggle\"><div class=\"accordion-icon-cs\"><\/div><\/span>\n\n                            <\/div>\n\n            <div class=\"accordion-content\">Para cualquier pregunta t\u00e9cnica o necesidad de soporte, nuestro equipo de expertos est\u00e1 a tu disposici\u00f3n. Puedes contactarnos directamente al correo info@iconia.design y recibir\u00e1s asistencia personalizada.<\/div>\n\n        <\/li>\n\n        \n    <\/ul>\n<\/div>\n\n\t\t<\/div>\n\t\t\t\t<\/div>\n\t\t\t\t\t<\/div>\n\t\t<\/div>\n\t\t\t\t\t<\/div>\n\t\t<\/section>\n\t\t\t\t\t<\/div>\n\t\t<\/div>\n\t\t\t\t\t<\/div>\n\t\t<\/section>\n\t\t\t\t<\/div>\n\t\t","protected":false},"excerpt":{"rendered":"<p>FAQ y consejos Estamos aqu\u00ed para responder todas tus preguntas y, si no encuentras la respuesta que buscas, cont\u00e1ctanos. ICONIA es The Mini Pool Icon. \u00bfQu\u00e9 es ICONIA? ICONIA es [&hellip;]<\/p>\n","protected":false},"author":1,"featured_media":0,"parent":0,"menu_order":0,"comment_status":"closed","ping_status":"closed","template":"","meta":{"_acf_changed":false,"footnotes":""},"acf":[],"yoast_head":"<!-- This site is optimized with the Yoast SEO plugin v23.8 - https:\/\/yoast.com\/wordpress\/plugins\/seo\/ -->\n<title>FAQ y consejos - Iconia<\/title>\n<meta name=\"description\" content=\"Estamos aqu\u00ed para responder a todas sus preguntas y, si no podemos, p\u00f3ngase en contacto con nosotros.\" \/>\n<meta name=\"robots\" content=\"noindex, follow, max-snippet:-1, max-image-preview:large, max-video-preview:-1\" \/>\n<meta property=\"og:locale\" content=\"es_ES\" \/>\n<meta property=\"og:type\" content=\"article\" \/>\n<meta property=\"og:title\" content=\"FAQ y consejos - Iconia\" \/>\n<meta property=\"og:description\" content=\"Estamos aqu\u00ed para responder a todas sus preguntas y, si no podemos, p\u00f3ngase en contacto con nosotros.\" \/>\n<meta property=\"og:url\" content=\"https:\/\/staging.iconia.we-dev.it\/es\/preguntas-frecuentes-y-consejos\/\" \/>\n<meta property=\"og:site_name\" content=\"Iconia\" \/>\n<meta property=\"article:modified_time\" content=\"2025-07-03T09:16:52+00:00\" \/>\n<meta name=\"twitter:card\" content=\"summary_large_image\" \/>\n<meta name=\"twitter:label1\" content=\"Est. reading time\" \/>\n\t<meta name=\"twitter:data1\" content=\"5 minutes\" \/>\n<!-- \/ Yoast SEO plugin. -->","yoast_head_json":{"title":"FAQ y consejos - Iconia","description":"Estamos aqu\u00ed para responder a todas sus preguntas y, si no podemos, p\u00f3ngase en contacto con nosotros.","robots":{"index":"noindex","follow":"follow","max-snippet":"max-snippet:-1","max-image-preview":"max-image-preview:large","max-video-preview":"max-video-preview:-1"},"og_locale":"es_ES","og_type":"article","og_title":"FAQ y consejos - Iconia","og_description":"Estamos aqu\u00ed para responder a todas sus preguntas y, si no podemos, p\u00f3ngase en contacto con nosotros.","og_url":"https:\/\/staging.iconia.we-dev.it\/es\/preguntas-frecuentes-y-consejos\/","og_site_name":"Iconia","article_modified_time":"2025-07-03T09:16:52+00:00","twitter_card":"summary_large_image","twitter_misc":{"Est. reading time":"5 minutes"},"schema":{"@context":"https:\/\/schema.org","@graph":[{"@type":"WebPage","@id":"https:\/\/staging.iconia.we-dev.it\/es\/preguntas-frecuentes-y-consejos\/","url":"https:\/\/staging.iconia.we-dev.it\/es\/preguntas-frecuentes-y-consejos\/","name":"FAQ y consejos - Iconia","isPartOf":{"@id":"https:\/\/staging.iconia.we-dev.it\/es\/#website"},"datePublished":"2024-12-19T15:42:49+00:00","dateModified":"2025-07-03T09:16:52+00:00","description":"Estamos aqu\u00ed para responder a todas sus preguntas y, si no podemos, p\u00f3ngase en contacto con nosotros.","breadcrumb":{"@id":"https:\/\/staging.iconia.we-dev.it\/es\/preguntas-frecuentes-y-consejos\/#breadcrumb"},"inLanguage":"es-ES","potentialAction":[{"@type":"ReadAction","target":["https:\/\/staging.iconia.we-dev.it\/es\/preguntas-frecuentes-y-consejos\/"]}]},{"@type":"BreadcrumbList","@id":"https:\/\/staging.iconia.we-dev.it\/es\/preguntas-frecuentes-y-consejos\/#breadcrumb","itemListElement":[{"@type":"ListItem","position":1,"name":"Home","item":"https:\/\/staging.iconia.we-dev.it\/es\/"},{"@type":"ListItem","position":2,"name":"FAQ y consejos"}]},{"@type":"WebSite","@id":"https:\/\/staging.iconia.we-dev.it\/es\/#website","url":"https:\/\/staging.iconia.we-dev.it\/es\/","name":"Iconia","description":"","potentialAction":[{"@type":"SearchAction","target":{"@type":"EntryPoint","urlTemplate":"https:\/\/staging.iconia.we-dev.it\/es\/?s={search_term_string}"},"query-input":{"@type":"PropertyValueSpecification","valueRequired":true,"valueName":"search_term_string"}}],"inLanguage":"es-ES"}]}},"_links":{"self":[{"href":"https:\/\/staging.iconia.we-dev.it\/es\/wp-json\/wp\/v2\/pages\/2848"}],"collection":[{"href":"https:\/\/staging.iconia.we-dev.it\/es\/wp-json\/wp\/v2\/pages"}],"about":[{"href":"https:\/\/staging.iconia.we-dev.it\/es\/wp-json\/wp\/v2\/types\/page"}],"author":[{"embeddable":true,"href":"https:\/\/staging.iconia.we-dev.it\/es\/wp-json\/wp\/v2\/users\/1"}],"replies":[{"embeddable":true,"href":"https:\/\/staging.iconia.we-dev.it\/es\/wp-json\/wp\/v2\/comments?post=2848"}],"version-history":[{"count":3,"href":"https:\/\/staging.iconia.we-dev.it\/es\/wp-json\/wp\/v2\/pages\/2848\/revisions"}],"predecessor-version":[{"id":3958,"href":"https:\/\/staging.iconia.we-dev.it\/es\/wp-json\/wp\/v2\/pages\/2848\/revisions\/3958"}],"wp:attachment":[{"href":"https:\/\/staging.iconia.we-dev.it\/es\/wp-json\/wp\/v2\/media?parent=2848"}],"curies":[{"name":"wp","href":"https:\/\/api.w.org\/{rel}","templated":true}]}}