{"id":2844,"date":"2024-12-19T16:42:49","date_gmt":"2024-12-19T15:42:49","guid":{"rendered":"https:\/\/staging.iconia.we-dev.it\/faq-et-conseils\/"},"modified":"2025-07-03T10:51:18","modified_gmt":"2025-07-03T08:51:18","slug":"faq-et-conseils","status":"publish","type":"page","link":"https:\/\/staging.iconia.we-dev.it\/fr\/faq-et-conseils\/","title":{"rendered":"FAQ et conseils"},"content":{"rendered":"\t\t<div data-elementor-type=\"wp-page\" data-elementor-id=\"2844\" class=\"elementor elementor-2844 elementor-1634\">\n\t\t\t\t\t\t<section class=\"elementor-section elementor-top-section elementor-element elementor-element-d0903af elementor-section-full_width wrapper-fuller section-normal elementor-section-height-default elementor-section-height-default default\" data-id=\"d0903af\" data-element_type=\"section\" data-settings=\"{&quot;background_background&quot;:&quot;classic&quot;}\">\n\t\t\t\t\t\t<div class=\"elementor-container elementor-column-gap-default\">\n\t\t\t\t\t<div class=\"elementor-column elementor-col-100 elementor-top-column elementor-element elementor-element-8403b36\" data-id=\"8403b36\" data-element_type=\"column\">\n\t\t\t<div class=\"elementor-widget-wrap elementor-element-populated\">\n\t\t\t\t\t\t<section class=\"elementor-section elementor-inner-section elementor-element elementor-element-ff29d95 elementor-section-full_width wrapper-fuller section-normal elementor-section-height-default elementor-section-height-default default\" data-id=\"ff29d95\" data-element_type=\"section\">\n\t\t\t\t\t\t<div class=\"elementor-container elementor-column-gap-default\">\n\t\t\t\t\t<div class=\"elementor-column elementor-col-50 elementor-inner-column elementor-element elementor-element-e619333 sticky-column-custom\" data-id=\"e619333\" data-element_type=\"column\">\n\t\t\t<div class=\"elementor-widget-wrap elementor-element-populated\">\n\t\t\t\t\t\t<div class=\"elementor-element elementor-element-d739ed9 elementor-widget elementor-widget-naylaheading\" data-id=\"d739ed9\" data-element_type=\"widget\" data-widget_type=\"naylaheading.default\">\n\t\t\t\t<div class=\"elementor-widget-container\">\n\t\t\t\n<div class=\"text-wrapper\">\n\n\n    <h1  class=\" has-anim-text wordsUp fade  no-revert\" data-stagger=\"0.02\" data-duration=\"1.5\"data-delay=\"0\"data-scrub=\"false\" data-pin=\"false\">\n        \n                \n        FAQ et conseils<\/h1>\n\n\n<\/div>\n\n\n\t\t<\/div>\n\t\t\t\t<\/div>\n\t\t\t\t<div class=\"elementor-element elementor-element-6b80d4b elementor-widget elementor-widget-naylaheading\" data-id=\"6b80d4b\" data-element_type=\"widget\" data-widget_type=\"naylaheading.default\">\n\t\t\t\t<div class=\"elementor-widget-container\">\n\t\t\t\n<div class=\"text-wrapper\">\n\n\n    <h1  class=\" has-anim-text wordsUp fade  no-revert\" data-stagger=\"0.02\" data-duration=\"1.5\"data-delay=\"0\"data-scrub=\"false\" data-pin=\"false\">\n        \n                \n        Nous sommes l\u00e0 pour r\u00e9pondre \u00e0 toutes tes questions et, si tu ne trouves pas la r\u00e9ponse que tu cherches, contacte-nous. \nICONIA est The Mini Pool Icon.<\/h1>\n\n\n<\/div>\n\n\n\t\t<\/div>\n\t\t\t\t<\/div>\n\t\t\t\t\t<\/div>\n\t\t<\/div>\n\t\t\t\t<div class=\"elementor-column elementor-col-50 elementor-inner-column elementor-element elementor-element-536dffd\" data-id=\"536dffd\" data-element_type=\"column\">\n\t\t\t<div class=\"elementor-widget-wrap elementor-element-populated\">\n\t\t\t\t\t\t<div class=\"elementor-element elementor-element-2739ae3 impronta-eco elementor-widget elementor-widget-naylaaccordion\" data-id=\"2739ae3\" data-element_type=\"widget\" data-widget_type=\"naylaaccordion.default\">\n\t\t\t\t<div class=\"elementor-widget-container\">\n\t\t\t\n<div class='nayla-accordion  icons-right'>\n    <ul class='accordion-wrap'>\n                <li class=\"accordion-item\">\n\n            <div class=\"accordion-title\">\n\n                \n                <span class=\"has-anim-text wordsUp \" data-stagger=\"0.02\" data-duration=\"1.5\"data-delay=\"0\"data-scrub=\"false\">Qu\u2019est-ce qu\u2019ICONIA ?<\/span>\n\n                \n                <span class=\"accordion-toggle\"><div class=\"accordion-icon-cs\"><\/div><\/span>\n\n                            <\/div>\n\n            <div class=\"accordion-content\">ICONIA est une r\u00e9interpr\u00e9tation de la mini-piscine hors sol classique, un objet de design sur mesure, o\u00f9 mati\u00e8re et technologie se fusionnent pour cr\u00e9er une exp\u00e9rience de bien-\u00eatre exclusive. Chaque ICONIA est un \u00e9quilibre entre artisanat et innovation, un produit con\u00e7u pour s\u2019adapter \u00e0 l\u2019espace et aux besoins de ceux qui le vivent.<\/div>\n\n        <\/li>\n\n                <li class=\"accordion-item\">\n\n            <div class=\"accordion-title\">\n\n                \n                <span class=\"has-anim-text wordsUp \" data-stagger=\"0.02\" data-duration=\"1.5\"data-delay=\"0\"data-scrub=\"false\">Comment est fabriqu\u00e9e ICONIA ?<\/span>\n\n                \n                <span class=\"accordion-toggle\"><div class=\"accordion-icon-cs\"><\/div><\/span>\n\n                            <\/div>\n\n            <div class=\"accordion-content\">La solution ICONIA repose sur un syst\u00e8me modulaire flexible, avec un premier module de 48 cm et les suivants de 65 cm, tous d\u2019une hauteur de 63 cm. Fabriqu\u00e9s en acier galvanis\u00e9 couleur corten et de forme en L, ils offrent \u00e9l\u00e9gance et polyvalence. Cette modularit\u00e9 permet une configuration personnalisable et assure une puret\u00e9 esth\u00e9tique et visuelle, conf\u00e9rant harmonie \u00e0 tout espace.<\/div>\n\n        <\/li>\n\n                <li class=\"accordion-item\">\n\n            <div class=\"accordion-title\">\n\n                \n                <span class=\"has-anim-text wordsUp \" data-stagger=\"0.02\" data-duration=\"1.5\"data-delay=\"0\"data-scrub=\"false\">ICONIA est-elle personnalisable ?<\/span>\n\n                \n                <span class=\"accordion-toggle\"><div class=\"accordion-icon-cs\"><\/div><\/span>\n\n                            <\/div>\n\n            <div class=\"accordion-content\">Oui. ICONIA est r\u00e9alis\u00e9e via une structure modulaire, pens\u00e9e pour exprimer ta personnalit\u00e9. Chaque d\u00e9tail peut \u00eatre configur\u00e9 : de la palette mat\u00e9rielle du rev\u00eatement \u00e0 la modularit\u00e9 des formes, jusqu\u2019aux surfaces des parois ext\u00e9rieures. Un syst\u00e8me sur mesure o\u00f9 l\u2019espace se fa\u00e7onne autour de toi.<\/div>\n\n        <\/li>\n\n                <li class=\"accordion-item\">\n\n            <div class=\"accordion-title\">\n\n                \n                <span class=\"has-anim-text wordsUp \" data-stagger=\"0.02\" data-duration=\"1.5\"data-delay=\"0\"data-scrub=\"false\">De quels mat\u00e9riaux est compos\u00e9e ICONIA ?<\/span>\n\n                \n                <span class=\"accordion-toggle\"><div class=\"accordion-icon-cs\"><\/div><\/span>\n\n                            <\/div>\n\n            <div class=\"accordion-content\">Une synergie entre nature et innovation. L\u2019\u00e2me d\u2019ICONIA est un m\u00e9lange de quartz, pierres et min\u00e9raux, polis et stratifi\u00e9s jusqu\u2019\u00e0 obtenir une surface organique et vibrante. La r\u00e9sine m\u00e9lang\u00e9e au sable de quartz se fond puis s\u2019\u00e9tale sur les parois d\u2019ICONIA ; marbres dolomitiques, sables des fleuves Rhin et Tessin, couleurs et nuances obtenues par des processus mill\u00e9naires. Le p\u00e9rim\u00e8tre d\u2019ICONIA est multiforme, avec des modules en acier galvanis\u00e9 peint couleur corten auxquels peuvent \u00eatre adjointes des plaques de pierre remodelant l\u2019exp\u00e9rience design, ajoutant une dimension abstraite et enveloppante selon la texture choisie. Sous la surface se trouve la structure, avec ses modules en ABS, son d\u00e9bordement invisible p\u00e9riph\u00e9rique et la partie hydraulique concentr\u00e9e dans le local technique d\u00e9di\u00e9.<\/div>\n\n        <\/li>\n\n                <li class=\"accordion-item\">\n\n            <div class=\"accordion-title\">\n\n                \n                <span class=\"has-anim-text wordsUp \" data-stagger=\"0.02\" data-duration=\"1.5\"data-delay=\"0\"data-scrub=\"false\">ICONIA peut-elle \u00eatre install\u00e9e partout ?<\/span>\n\n                \n                <span class=\"accordion-toggle\"><div class=\"accordion-icon-cs\"><\/div><\/span>\n\n                            <\/div>\n\n            <div class=\"accordion-content\">ICONIA est con\u00e7ue pour s\u2019adapter \u00e0 divers contextes, de l\u2019environnement domestique aux espaces contract, tout en gardant un regard sur le monde du loisir. La modularit\u00e9 d\u2019ICONIA permet de la construire et de l\u2019int\u00e9grer harmonieusement, tant dans des espaces ext\u00e9rieurs comme jardins et terrasses, que dans des espaces int\u00e9rieurs, se positionnant comme un v\u00e9ritable \u00e9l\u00e9ment de d\u00e9coration.<\/div>\n\n        <\/li>\n\n                <li class=\"accordion-item\">\n\n            <div class=\"accordion-title\">\n\n                \n                <span class=\"has-anim-text wordsUp \" data-stagger=\"0.02\" data-duration=\"1.5\"data-delay=\"0\"data-scrub=\"false\">Quels sont les d\u00e9lais de fabrication et d\u2019installation ?<\/span>\n\n                \n                <span class=\"accordion-toggle\"><div class=\"accordion-icon-cs\"><\/div><\/span>\n\n                            <\/div>\n\n            <div class=\"accordion-content\">Les d\u00e9lais de fabrication varient selon la configuration choisie, mais gr\u00e2ce \u00e0 la modularit\u00e9 et \u00e0 nos processus optimis\u00e9s, l\u2019installation est rapide, \u00e9vitant tout d\u00e9sagr\u00e9ment. Notre \u00e9quipe suit chaque \u00e9tape, de la conception \u00e0 l\u2019installation, pour garantir une exp\u00e9rience d\u2019achat unique. Une ICONIA de taille moyenne n\u00e9cessite environ 7 jours ouvrables pour l\u2019installation ; nos \u00e9quipes sp\u00e9cialis\u00e9es sont form\u00e9es pour pr\u00e9server l\u2019environnement alentour, en portant une attention particuli\u00e8re au contexte qui les accueille.<\/div>\n\n        <\/li>\n\n                <li class=\"accordion-item\">\n\n            <div class=\"accordion-title\">\n\n                \n                <span class=\"has-anim-text wordsUp \" data-stagger=\"0.02\" data-duration=\"1.5\"data-delay=\"0\"data-scrub=\"false\">ICONIA demande-t-elle de la maintenance ?<\/span>\n\n                \n                <span class=\"accordion-toggle\"><div class=\"accordion-icon-cs\"><\/div><\/span>\n\n                            <\/div>\n\n            <div class=\"accordion-content\">ICONIA demande une maintenance minimale, \u00e9tant d\u00e9j\u00e0 \u00e9quip\u00e9e de toutes les composantes hydrauliques et de filtration. Il est conseill\u00e9 tous les deux ans d\u2019effectuer une proc\u00e9dure de solvantage, un traitement de consolidation du rev\u00eatement qui pr\u00e9serve sa brillance et sa durabilit\u00e9 dans le temps. Tout cela doit \u00e9videmment s\u2019accompagner d\u2019un \u00e9quilibrage correct de l\u2019eau.<\/div>\n\n        <\/li>\n\n                <li class=\"accordion-item\">\n\n            <div class=\"accordion-title\">\n\n                \n                <span class=\"has-anim-text wordsUp \" data-stagger=\"0.02\" data-duration=\"1.5\"data-delay=\"0\"data-scrub=\"false\">Comment se fait le nettoyage d\u2019ICONIA ?<\/span>\n\n                \n                <span class=\"accordion-toggle\"><div class=\"accordion-icon-cs\"><\/div><\/span>\n\n                            <\/div>\n\n            <div class=\"accordion-content\">Le nettoyage quotidien d\u2019ICONIA ne requiert pas de pr\u00e9cautions particuli\u00e8res, car elle est \u00e9quip\u00e9e de toutes les composantes n\u00e9cessaires \u00e0 la filtration. Si un d\u00e9p\u00f4t se forme sur la ligne de flottaison, il suffit d\u2019intervenir avec une simple brosse. Pour des op\u00e9rations de d\u00e9sinfection et nettoyage total du bassin, il faudra effectuer la proc\u00e9dure de consolidation d\u00e9crite ci-dessus.<\/div>\n\n        <\/li>\n\n                <li class=\"accordion-item\">\n\n            <div class=\"accordion-title\">\n\n                \n                <span class=\"has-anim-text wordsUp \" data-stagger=\"0.02\" data-duration=\"1.5\"data-delay=\"0\"data-scrub=\"false\">Quel est le co\u00fbt d\u2019ICONIA ?<\/span>\n\n                \n                <span class=\"accordion-toggle\"><div class=\"accordion-icon-cs\"><\/div><\/span>\n\n                            <\/div>\n\n            <div class=\"accordion-content\">ICONIA est une \u0153uvre sur mesure, une architecture d\u2019eau et de mati\u00e8re model\u00e9e selon tes besoins. Le co\u00fbt varie selon la configuration, les mat\u00e9riaux choisis, les dimensions et les accessoires. ICONIA d\u00e9bute \u00e0 13 000 \u20ac, avec des solutions personnalis\u00e9es s\u2019adaptant \u00e0 toute n\u00e9cessit\u00e9 ou exigence, gr\u00e2ce \u00e0 sa modularit\u00e9.<\/div>\n\n        <\/li>\n\n                <li class=\"accordion-item\">\n\n            <div class=\"accordion-title\">\n\n                \n                <span class=\"has-anim-text wordsUp \" data-stagger=\"0.02\" data-duration=\"1.5\"data-delay=\"0\"data-scrub=\"false\">Comment demander un devis gratuit ?<\/span>\n\n                \n                <span class=\"accordion-toggle\"><div class=\"accordion-icon-cs\"><\/div><\/span>\n\n                            <\/div>\n\n            <div class=\"accordion-content\">Notre \u00e9quipe est pr\u00eate \u00e0 te guider dans la cr\u00e9ation de ta ICONIA. Contacte-nous via le <a href=\"\/fr\/immergez-vous\/#form\">formulaire<\/a> pour \u00eatre recontact\u00e9 par l\u2019un de nos collaborateurs qui te fournira toutes les informations n\u00e9cessaires.<\/div>\n\n        <\/li>\n\n                <li class=\"accordion-item\">\n\n            <div class=\"accordion-title\">\n\n                \n                <span class=\"has-anim-text wordsUp \" data-stagger=\"0.02\" data-duration=\"1.5\"data-delay=\"0\"data-scrub=\"false\">Quelles garanties pour ICONIA ?<\/span>\n\n                \n                <span class=\"accordion-toggle\"><div class=\"accordion-icon-cs\"><\/div><\/span>\n\n                            <\/div>\n\n            <div class=\"accordion-content\">Toutes les composantes d\u2019ICONIA sont garanties, notamment :\n\n\u00c9tanch\u00e9it\u00e9 en EPDM : 10 ans\nRev\u00eatement ICONIA : 5 ans d\u00e9gressifs\nComposants internes du filtre : 1 an\nChauffage et centrale : 2 ans\nCorps du filtre : 2 ans\nPompe : 2 ans\nProjecteurs : 2 ans\nPour tous les autres \u00e9l\u00e9ments non list\u00e9s ci-dessus, les garanties l\u00e9gales pr\u00e9vues par le Code civil italien s\u2019appliquent.<\/div>\n\n        <\/li>\n\n                <li class=\"accordion-item\">\n\n            <div class=\"accordion-title\">\n\n                \n                <span class=\"has-anim-text wordsUp \" data-stagger=\"0.02\" data-duration=\"1.5\"data-delay=\"0\"data-scrub=\"false\">En cas de questions techniques ou demande d\u2019assistance, \u00e0 qui s\u2019adresser ?<\/span>\n\n                \n                <span class=\"accordion-toggle\"><div class=\"accordion-icon-cs\"><\/div><\/span>\n\n                            <\/div>\n\n            <div class=\"accordion-content\">Pour toute question technique ou besoin de support, notre \u00e9quipe d\u2019experts est \u00e0 ta disposition. Tu peux nous contacter directement \u00e0 notre adresse mail : info@iconia.design et recevoir une assistance personnalis\u00e9e.<\/div>\n\n        <\/li>\n\n        \n    <\/ul>\n<\/div>\n\n\t\t<\/div>\n\t\t\t\t<\/div>\n\t\t\t\t\t<\/div>\n\t\t<\/div>\n\t\t\t\t\t<\/div>\n\t\t<\/section>\n\t\t\t\t\t<\/div>\n\t\t<\/div>\n\t\t\t\t\t<\/div>\n\t\t<\/section>\n\t\t\t\t<\/div>\n\t\t","protected":false},"excerpt":{"rendered":"<p>FAQ et conseils Nous sommes l\u00e0 pour r\u00e9pondre \u00e0 toutes tes questions et, si tu ne trouves pas la r\u00e9ponse que tu cherches, contacte-nous. ICONIA est The Mini Pool Icon. [&hellip;]<\/p>\n","protected":false},"author":1,"featured_media":0,"parent":0,"menu_order":0,"comment_status":"closed","ping_status":"closed","template":"","meta":{"_acf_changed":false,"footnotes":""},"acf":[],"yoast_head":"<!-- This site is optimized with the Yoast SEO plugin v23.8 - https:\/\/yoast.com\/wordpress\/plugins\/seo\/ -->\n<title>FAQ et conseils - Iconia<\/title>\n<meta name=\"description\" content=\"Nous sommes l\u00e0 pour r\u00e9pondre \u00e0 toutes vos questions et si nous ne pouvons pas le faire, prenez contact avec nous.\" \/>\n<meta name=\"robots\" content=\"noindex, follow, max-snippet:-1, max-image-preview:large, max-video-preview:-1\" \/>\n<meta property=\"og:locale\" content=\"fr_FR\" \/>\n<meta property=\"og:type\" content=\"article\" \/>\n<meta property=\"og:title\" content=\"FAQ et conseils - Iconia\" \/>\n<meta property=\"og:description\" content=\"Nous sommes l\u00e0 pour r\u00e9pondre \u00e0 toutes vos questions et si nous ne pouvons pas le faire, prenez contact avec nous.\" \/>\n<meta property=\"og:url\" content=\"https:\/\/staging.iconia.we-dev.it\/fr\/faq-et-conseils\/\" \/>\n<meta property=\"og:site_name\" content=\"Iconia\" \/>\n<meta property=\"article:modified_time\" content=\"2025-07-03T08:51:18+00:00\" \/>\n<meta name=\"twitter:card\" content=\"summary_large_image\" \/>\n<meta name=\"twitter:label1\" content=\"Est. reading time\" \/>\n\t<meta name=\"twitter:data1\" content=\"5 minutes\" \/>\n<!-- \/ Yoast SEO plugin. -->","yoast_head_json":{"title":"FAQ et conseils - Iconia","description":"Nous sommes l\u00e0 pour r\u00e9pondre \u00e0 toutes vos questions et si nous ne pouvons pas le faire, prenez contact avec nous.","robots":{"index":"noindex","follow":"follow","max-snippet":"max-snippet:-1","max-image-preview":"max-image-preview:large","max-video-preview":"max-video-preview:-1"},"og_locale":"fr_FR","og_type":"article","og_title":"FAQ et conseils - Iconia","og_description":"Nous sommes l\u00e0 pour r\u00e9pondre \u00e0 toutes vos questions et si nous ne pouvons pas le faire, prenez contact avec nous.","og_url":"https:\/\/staging.iconia.we-dev.it\/fr\/faq-et-conseils\/","og_site_name":"Iconia","article_modified_time":"2025-07-03T08:51:18+00:00","twitter_card":"summary_large_image","twitter_misc":{"Est. reading time":"5 minutes"},"schema":{"@context":"https:\/\/schema.org","@graph":[{"@type":"WebPage","@id":"https:\/\/staging.iconia.we-dev.it\/fr\/faq-et-conseils\/","url":"https:\/\/staging.iconia.we-dev.it\/fr\/faq-et-conseils\/","name":"FAQ et conseils - Iconia","isPartOf":{"@id":"https:\/\/staging.iconia.we-dev.it\/fr\/#website"},"datePublished":"2024-12-19T15:42:49+00:00","dateModified":"2025-07-03T08:51:18+00:00","description":"Nous sommes l\u00e0 pour r\u00e9pondre \u00e0 toutes vos questions et si nous ne pouvons pas le faire, prenez contact avec nous.","breadcrumb":{"@id":"https:\/\/staging.iconia.we-dev.it\/fr\/faq-et-conseils\/#breadcrumb"},"inLanguage":"fr-FR","potentialAction":[{"@type":"ReadAction","target":["https:\/\/staging.iconia.we-dev.it\/fr\/faq-et-conseils\/"]}]},{"@type":"BreadcrumbList","@id":"https:\/\/staging.iconia.we-dev.it\/fr\/faq-et-conseils\/#breadcrumb","itemListElement":[{"@type":"ListItem","position":1,"name":"Home","item":"https:\/\/staging.iconia.we-dev.it\/fr\/"},{"@type":"ListItem","position":2,"name":"FAQ et conseils"}]},{"@type":"WebSite","@id":"https:\/\/staging.iconia.we-dev.it\/fr\/#website","url":"https:\/\/staging.iconia.we-dev.it\/fr\/","name":"Iconia","description":"","potentialAction":[{"@type":"SearchAction","target":{"@type":"EntryPoint","urlTemplate":"https:\/\/staging.iconia.we-dev.it\/fr\/?s={search_term_string}"},"query-input":{"@type":"PropertyValueSpecification","valueRequired":true,"valueName":"search_term_string"}}],"inLanguage":"fr-FR"}]}},"_links":{"self":[{"href":"https:\/\/staging.iconia.we-dev.it\/fr\/wp-json\/wp\/v2\/pages\/2844"}],"collection":[{"href":"https:\/\/staging.iconia.we-dev.it\/fr\/wp-json\/wp\/v2\/pages"}],"about":[{"href":"https:\/\/staging.iconia.we-dev.it\/fr\/wp-json\/wp\/v2\/types\/page"}],"author":[{"embeddable":true,"href":"https:\/\/staging.iconia.we-dev.it\/fr\/wp-json\/wp\/v2\/users\/1"}],"replies":[{"embeddable":true,"href":"https:\/\/staging.iconia.we-dev.it\/fr\/wp-json\/wp\/v2\/comments?post=2844"}],"version-history":[{"count":3,"href":"https:\/\/staging.iconia.we-dev.it\/fr\/wp-json\/wp\/v2\/pages\/2844\/revisions"}],"predecessor-version":[{"id":3931,"href":"https:\/\/staging.iconia.we-dev.it\/fr\/wp-json\/wp\/v2\/pages\/2844\/revisions\/3931"}],"wp:attachment":[{"href":"https:\/\/staging.iconia.we-dev.it\/fr\/wp-json\/wp\/v2\/media?parent=2844"}],"curies":[{"name":"wp","href":"https:\/\/api.w.org\/{rel}","templated":true}]}}