{"id":1634,"date":"2024-12-19T16:42:49","date_gmt":"2024-12-19T15:42:49","guid":{"rendered":"https:\/\/staging.iconia.we-dev.it\/?page_id=1634"},"modified":"2025-06-18T11:17:29","modified_gmt":"2025-06-18T09:17:29","slug":"faq","status":"publish","type":"page","link":"https:\/\/staging.iconia.we-dev.it\/it\/faq\/","title":{"rendered":"FAQ"},"content":{"rendered":"\t\t<div data-elementor-type=\"wp-page\" data-elementor-id=\"1634\" class=\"elementor elementor-1634\">\n\t\t\t\t\t\t<section class=\"elementor-section elementor-top-section elementor-element elementor-element-d0903af elementor-section-full_width wrapper-fuller section-normal elementor-section-height-default elementor-section-height-default default\" data-id=\"d0903af\" data-element_type=\"section\" data-settings=\"{&quot;background_background&quot;:&quot;classic&quot;}\">\n\t\t\t\t\t\t<div class=\"elementor-container elementor-column-gap-default\">\n\t\t\t\t\t<div class=\"elementor-column elementor-col-100 elementor-top-column elementor-element elementor-element-8403b36\" data-id=\"8403b36\" data-element_type=\"column\">\n\t\t\t<div class=\"elementor-widget-wrap elementor-element-populated\">\n\t\t\t\t\t\t<section class=\"elementor-section elementor-inner-section elementor-element elementor-element-ff29d95 elementor-section-full_width wrapper-fuller section-normal elementor-section-height-default elementor-section-height-default default\" data-id=\"ff29d95\" data-element_type=\"section\">\n\t\t\t\t\t\t<div class=\"elementor-container elementor-column-gap-default\">\n\t\t\t\t\t<div class=\"elementor-column elementor-col-50 elementor-inner-column elementor-element elementor-element-e619333 sticky-column-custom\" data-id=\"e619333\" data-element_type=\"column\">\n\t\t\t<div class=\"elementor-widget-wrap elementor-element-populated\">\n\t\t\t\t\t\t<div class=\"elementor-element elementor-element-d739ed9 elementor-widget elementor-widget-naylaheading\" data-id=\"d739ed9\" data-element_type=\"widget\" data-widget_type=\"naylaheading.default\">\n\t\t\t\t<div class=\"elementor-widget-container\">\n\t\t\t\n<div class=\"text-wrapper\">\n\n\n    <h1  class=\" has-anim-text wordsUp fade  no-revert\" data-stagger=\"0.02\" data-duration=\"1.5\"data-delay=\"0\"data-scrub=\"false\" data-pin=\"false\">\n        \n                \n        Faq e consigli<\/h1>\n\n\n<\/div>\n\n\n\t\t<\/div>\n\t\t\t\t<\/div>\n\t\t\t\t<div class=\"elementor-element elementor-element-6b80d4b elementor-widget elementor-widget-naylaheading\" data-id=\"6b80d4b\" data-element_type=\"widget\" data-widget_type=\"naylaheading.default\">\n\t\t\t\t<div class=\"elementor-widget-container\">\n\t\t\t\n<div class=\"text-wrapper\">\n\n\n    <h1  class=\" has-anim-text wordsUp fade  no-revert\" data-stagger=\"0.02\" data-duration=\"1.5\"data-delay=\"0\"data-scrub=\"false\" data-pin=\"false\">\n        \n                \n        Siamo qui per rispondere a tutte le tue domande e se non ci riusciamo, mettiti in contatto con noi. ICONIA \u00e8 The Mini Pool Icon. <\/h1>\n\n\n<\/div>\n\n\n\t\t<\/div>\n\t\t\t\t<\/div>\n\t\t\t\t\t<\/div>\n\t\t<\/div>\n\t\t\t\t<div class=\"elementor-column elementor-col-50 elementor-inner-column elementor-element elementor-element-536dffd\" data-id=\"536dffd\" data-element_type=\"column\">\n\t\t\t<div class=\"elementor-widget-wrap elementor-element-populated\">\n\t\t\t\t\t\t<div class=\"elementor-element elementor-element-2739ae3 impronta-eco elementor-widget elementor-widget-naylaaccordion\" data-id=\"2739ae3\" data-element_type=\"widget\" data-widget_type=\"naylaaccordion.default\">\n\t\t\t\t<div class=\"elementor-widget-container\">\n\t\t\t\n<div class='nayla-accordion  icons-right'>\n    <ul class='accordion-wrap'>\n                <li class=\"accordion-item\">\n\n            <div class=\"accordion-title\">\n\n                \n                <span class=\"has-anim-text wordsUp \" data-stagger=\"0.02\" data-duration=\"1.5\"data-delay=\"0\"data-scrub=\"false\">Cos&#039;\u00e8 ICONIA?<\/span>\n\n                \n                <span class=\"accordion-toggle\"><div class=\"accordion-icon-cs\"><\/div><\/span>\n\n                            <\/div>\n\n            <div class=\"accordion-content\">ICONIA \u00e8 una reinterpretazione della classica minipiscina fuoriterra, un oggetto di design plasmato su misura, dove materia e tecnologia si fondono per creare un\u2019esperienza di benessere esclusiva. Ciascuna ICONIA \u00e8 un equilibrio tra artigianato e innovazione, un prodotto concepito per adattarsi allo spazio e alle esigenze di chi lo vive.<\/div>\n\n        <\/li>\n\n                <li class=\"accordion-item\">\n\n            <div class=\"accordion-title\">\n\n                \n                <span class=\"has-anim-text wordsUp \" data-stagger=\"0.02\" data-duration=\"1.5\"data-delay=\"0\"data-scrub=\"false\">Come viene realizzata ICONIA?<\/span>\n\n                \n                <span class=\"accordion-toggle\"><div class=\"accordion-icon-cs\"><\/div><\/span>\n\n                            <\/div>\n\n            <div class=\"accordion-content\">La soluzione ICONIA si basa su un sistema modulare flessibile, con un primo modulo da 48cm e i successivi da 65cm, alti 63cm. Realizzati in acciaio zincato color corten e con forma ad L, offrono eleganza e versatilit\u00e0. Questa modularit\u00e0 consente una configurazione personalizzabile e assicura una purezza estetica e visiva, conferendo armonia a qualsiasi spazio. <\/div>\n\n        <\/li>\n\n                <li class=\"accordion-item\">\n\n            <div class=\"accordion-title\">\n\n                \n                <span class=\"has-anim-text wordsUp \" data-stagger=\"0.02\" data-duration=\"1.5\"data-delay=\"0\"data-scrub=\"false\">ICONIA \u00e8 personalizzabile?<\/span>\n\n                \n                <span class=\"accordion-toggle\"><div class=\"accordion-icon-cs\"><\/div><\/span>\n\n                            <\/div>\n\n            <div class=\"accordion-content\">S\u00ec. ICONIA \u00e8 realizzata mediante una struttura modulare, pensata per essere espressione della tua personalit\u00e0. Ogni dettaglio pu\u00f2 essere configurato: dalla palette materica del rivestimento alla modularit\u00e0 delle forme, fino alle superfici delle pareti esterne. Un sistema su misura, dove lo spazio si modella intorno a te. <\/div>\n\n        <\/li>\n\n                <li class=\"accordion-item\">\n\n            <div class=\"accordion-title\">\n\n                \n                <span class=\"has-anim-text wordsUp \" data-stagger=\"0.02\" data-duration=\"1.5\"data-delay=\"0\"data-scrub=\"false\">Da quali materiali \u00e8 composta ICONIA?<\/span>\n\n                \n                <span class=\"accordion-toggle\"><div class=\"accordion-icon-cs\"><\/div><\/span>\n\n                            <\/div>\n\n            <div class=\"accordion-content\">Una sinergia tra natura e innovazione. L'anima di ICONIA \u00e8 un blend di quarzi, pietre e minerali, levigati e stratificati fino a ottenere una superficie organica e vibrante. La resina miscelata alla sabbia di quarzo si fonde,  per poi essere stesa sulla pareti di ICONIA; marmi dolomitici, sabbie dei fiumi Reno e Ticino, colori e sfumature ottenuti da processi millenari. Il perimetro di ICONIA \u00e8 multiforme, con dei moduli in acciaio zincato verniciati color corten ai quali possono poi essere accostati dei fogli di pietra che rimodellano l\u2019esperienza di design, aggiungendo una dimensione astratta e avvolgente, a seconda della texture prescelta.  Sotto la superficie troviamo la struttura, con i suoi moduli in ABS, il suo sfioro invisibile perimetrale e la parte idraulica che si concentra nel locale tecnico dedicato.  <\/div>\n\n        <\/li>\n\n                <li class=\"accordion-item\">\n\n            <div class=\"accordion-title\">\n\n                \n                <span class=\"has-anim-text wordsUp \" data-stagger=\"0.02\" data-duration=\"1.5\"data-delay=\"0\"data-scrub=\"false\">ICONIA pu\u00f2 essere installata ovunque?<\/span>\n\n                \n                <span class=\"accordion-toggle\"><div class=\"accordion-icon-cs\"><\/div><\/span>\n\n                            <\/div>\n\n            <div class=\"accordion-content\">ICONIA \u00e8 concepita per adattarsi a diversi contesti, dall\u2019ambiente domestico agli spazi contract, tutto con uno sguardo al mondo leisure. La modularit\u00e0 di ICONIA consente di costruirla ed integrarla con armonia, sia in spazi esterni, come giardini e terrazze, che interni, ponendosi come un vero e proprio elemento di arredo.<\/div>\n\n        <\/li>\n\n                <li class=\"accordion-item\">\n\n            <div class=\"accordion-title\">\n\n                \n                <span class=\"has-anim-text wordsUp \" data-stagger=\"0.02\" data-duration=\"1.5\"data-delay=\"0\"data-scrub=\"false\">Quali sono i tempi di realizzazione e installazione?<\/span>\n\n                \n                <span class=\"accordion-toggle\"><div class=\"accordion-icon-cs\"><\/div><\/span>\n\n                            <\/div>\n\n            <div class=\"accordion-content\">I tempi di realizzazione variano in base alla configurazione  prescelta, ma, grazie alla modularit\u00e0 e ai nostri processi ottimizzati, possiamo avere una rapidit\u00e0 di installazione che permette di evitare qualsiasi disagio. Il nostro team segue ogni fase, dall\u2019ideazione all\u2019installazione, per assicurare un\u2019esperienza di acquisto unica.  Un\u2019ICONIA di dimensioni medie richiede circa 7 giorni lavorativi per l\u2019installazione; i nostri team specializzati sono formati per preservare l\u2019ambiente circostante, prestando particolare attenzione al contesto che li ospita.<\/div>\n\n        <\/li>\n\n                <li class=\"accordion-item\">\n\n            <div class=\"accordion-title\">\n\n                \n                <span class=\"has-anim-text wordsUp \" data-stagger=\"0.02\" data-duration=\"1.5\"data-delay=\"0\"data-scrub=\"false\">ICONIA richiede manutenzione?<\/span>\n\n                \n                <span class=\"accordion-toggle\"><div class=\"accordion-icon-cs\"><\/div><\/span>\n\n                            <\/div>\n\n            <div class=\"accordion-content\">ICONIA richiede una manutenzione minima, essendo gi\u00e0 predisposta con tutte le componenti idrauliche e di filtrazione. Si consiglia ogni due anni di eseguire la procedura di solventatura, un trattamento di consolidamento del rivestimento che ne preserva la lucentezza e la durabilit\u00e0 nel tempo. Il tutto deve essere chiaramente accompagnato da un corretto bilanciamento dell\u2019acqua. <\/div>\n\n        <\/li>\n\n                <li class=\"accordion-item\">\n\n            <div class=\"accordion-title\">\n\n                \n                <span class=\"has-anim-text wordsUp \" data-stagger=\"0.02\" data-duration=\"1.5\"data-delay=\"0\"data-scrub=\"false\">Come avviene la pulizia di ICONIA?<\/span>\n\n                \n                <span class=\"accordion-toggle\"><div class=\"accordion-icon-cs\"><\/div><\/span>\n\n                            <\/div>\n\n            <div class=\"accordion-content\">La pulizia quotidiana di ICONIA non prevede particolari accorgimenti, essendo dotata di tutte le componenti di filtrazione necessarie. Qualora si venisse a creare un deposito sulla linea di galleggiamento, si pu\u00f2 intervenire con una semplice spazzola. Per interventi di sanificazione e pulizia totale della vasca, sar\u00e0 necessario eseguire la procedura di consolidamento indicata al punto sopra.<\/div>\n\n        <\/li>\n\n                <li class=\"accordion-item\">\n\n            <div class=\"accordion-title\">\n\n                \n                <span class=\"has-anim-text wordsUp \" data-stagger=\"0.02\" data-duration=\"1.5\"data-delay=\"0\"data-scrub=\"false\">Quanto costa ICONIA?<\/span>\n\n                \n                <span class=\"accordion-toggle\"><div class=\"accordion-icon-cs\"><\/div><\/span>\n\n                            <\/div>\n\n            <div class=\"accordion-content\">\nICONIA \u00e8 un\u2019opera su misura, un\u2019architettura d\u2019acqua e materia modellata sulle tue esigenze. Il costo varia in base alla configurazione, ai materiali scelti, alle dimensioni e agli accessori. ICONIA parte da 13.000\u20ac, con soluzioni personalizzate che si adattano a qualsiasi necessit\u00e0 o esigenza, grazie alla sua modularit\u00e0.<\/div>\n\n        <\/li>\n\n                <li class=\"accordion-item\">\n\n            <div class=\"accordion-title\">\n\n                \n                <span class=\"has-anim-text wordsUp \" data-stagger=\"0.02\" data-duration=\"1.5\"data-delay=\"0\"data-scrub=\"false\">Come faccio a richiedere un preventivo gratuito?<\/span>\n\n                \n                <span class=\"accordion-toggle\"><div class=\"accordion-icon-cs\"><\/div><\/span>\n\n                            <\/div>\n\n            <div class=\"accordion-content\">Il nostro team \u00e8 pronto a guidarti nella creazione della tua ICONIA. Contattaci attraverso il <a target=\"_blank\" href=\"\/it\/immergiti-ora\/#form\"><u>modulo<\/u><\/a>  per essere ricontattato da uno dei nostri collaboratori che ti fornir\u00e0 tutte le informazioni necessarie.<\/div>\n\n        <\/li>\n\n                <li class=\"accordion-item\">\n\n            <div class=\"accordion-title\">\n\n                \n                <span class=\"has-anim-text wordsUp \" data-stagger=\"0.02\" data-duration=\"1.5\"data-delay=\"0\"data-scrub=\"false\">Che garanzie ha ICONIA?<\/span>\n\n                \n                <span class=\"accordion-toggle\"><div class=\"accordion-icon-cs\"><\/div><\/span>\n\n                            <\/div>\n\n            <div class=\"accordion-content\">\nTutte le componenti di ICONIA sono garantite, nello specifico: \nImpermeabilizzazione in EPDM: 10 anni\n Rivestimento ICONIA: 5 anni regressivi\nComponenti interne filtro: 1 anno\nRiscaldatore e centralina: 2 anni\nCorpo filtro: 2 anni\nPompa: 2 anni\nProiettori: 2 anni\nPer tutti gli altri elementi non indicati sopra saranno applicate le garanzie di legge previste dal Codice Civile Italiano.<\/div>\n\n        <\/li>\n\n                <li class=\"accordion-item\">\n\n            <div class=\"accordion-title\">\n\n                \n                <span class=\"has-anim-text wordsUp \" data-stagger=\"0.02\" data-duration=\"1.5\"data-delay=\"0\"data-scrub=\"false\">In caso di domande tecniche e\/o richieste di assistenza a chi mi rivolgo?<\/span>\n\n                \n                <span class=\"accordion-toggle\"><div class=\"accordion-icon-cs\"><\/div><\/span>\n\n                            <\/div>\n\n            <div class=\"accordion-content\">Per qualsiasi domanda tecnica o necessit\u00e0 di supporto troverai il nostro team di esperti a disposizione. Puoi contattarci direttamente al nostro indirizzo mail: info@staging.iconia.we-dev.it e riceverai assistenza dal nostro team.<\/div>\n\n        <\/li>\n\n        \n    <\/ul>\n<\/div>\n\n\t\t<\/div>\n\t\t\t\t<\/div>\n\t\t\t\t\t<\/div>\n\t\t<\/div>\n\t\t\t\t\t<\/div>\n\t\t<\/section>\n\t\t\t\t\t<\/div>\n\t\t<\/div>\n\t\t\t\t\t<\/div>\n\t\t<\/section>\n\t\t\t\t<\/div>\n\t\t","protected":false},"excerpt":{"rendered":"<p>Faq e consigli Siamo qui per rispondere a tutte le tue domande e se non ci riusciamo, mettiti in contatto con noi. ICONIA \u00e8 The Mini Pool Icon. Cos&#039;\u00e8 ICONIA? [&hellip;]<\/p>\n","protected":false},"author":1,"featured_media":0,"parent":0,"menu_order":0,"comment_status":"closed","ping_status":"closed","template":"","meta":{"_acf_changed":false,"footnotes":""},"acf":[],"yoast_head":"<!-- This site is optimized with the Yoast SEO plugin v23.8 - https:\/\/yoast.com\/wordpress\/plugins\/seo\/ -->\n<title>FAQ - Iconia<\/title>\n<meta name=\"robots\" content=\"noindex, follow, max-snippet:-1, max-image-preview:large, max-video-preview:-1\" \/>\n<meta property=\"og:locale\" content=\"it_IT\" \/>\n<meta property=\"og:type\" content=\"article\" \/>\n<meta property=\"og:title\" content=\"FAQ - Iconia\" \/>\n<meta property=\"og:description\" content=\"Faq e consigli Siamo qui per rispondere a tutte le tue domande e se non ci riusciamo, mettiti in contatto con noi. ICONIA \u00e8 The Mini Pool Icon. Cos&#039;\u00e8 ICONIA? [&hellip;]\" \/>\n<meta property=\"og:url\" content=\"https:\/\/staging.iconia.we-dev.it\/it\/faq\/\" \/>\n<meta property=\"og:site_name\" content=\"Iconia\" \/>\n<meta property=\"article:modified_time\" content=\"2025-06-18T09:17:29+00:00\" \/>\n<meta name=\"twitter:card\" content=\"summary_large_image\" \/>\n<meta name=\"twitter:label1\" content=\"Est. reading time\" \/>\n\t<meta name=\"twitter:data1\" content=\"5 minuti\" \/>\n<!-- \/ Yoast SEO plugin. -->","yoast_head_json":{"title":"FAQ - Iconia","robots":{"index":"noindex","follow":"follow","max-snippet":"max-snippet:-1","max-image-preview":"max-image-preview:large","max-video-preview":"max-video-preview:-1"},"og_locale":"it_IT","og_type":"article","og_title":"FAQ - Iconia","og_description":"Faq e consigli Siamo qui per rispondere a tutte le tue domande e se non ci riusciamo, mettiti in contatto con noi. ICONIA \u00e8 The Mini Pool Icon. Cos&#039;\u00e8 ICONIA? [&hellip;]","og_url":"https:\/\/staging.iconia.we-dev.it\/it\/faq\/","og_site_name":"Iconia","article_modified_time":"2025-06-18T09:17:29+00:00","twitter_card":"summary_large_image","twitter_misc":{"Est. reading time":"5 minuti"},"schema":{"@context":"https:\/\/schema.org","@graph":[{"@type":"WebPage","@id":"https:\/\/staging.iconia.we-dev.it\/it\/faq\/","url":"https:\/\/staging.iconia.we-dev.it\/it\/faq\/","name":"FAQ - Iconia","isPartOf":{"@id":"https:\/\/staging.iconia.we-dev.it\/it\/#website"},"datePublished":"2024-12-19T15:42:49+00:00","dateModified":"2025-06-18T09:17:29+00:00","breadcrumb":{"@id":"https:\/\/staging.iconia.we-dev.it\/it\/faq\/#breadcrumb"},"inLanguage":"it-IT","potentialAction":[{"@type":"ReadAction","target":["https:\/\/staging.iconia.we-dev.it\/it\/faq\/"]}]},{"@type":"BreadcrumbList","@id":"https:\/\/staging.iconia.we-dev.it\/it\/faq\/#breadcrumb","itemListElement":[{"@type":"ListItem","position":1,"name":"Home","item":"https:\/\/staging.iconia.we-dev.it\/it\/"},{"@type":"ListItem","position":2,"name":"FAQ"}]},{"@type":"WebSite","@id":"https:\/\/staging.iconia.we-dev.it\/it\/#website","url":"https:\/\/staging.iconia.we-dev.it\/it\/","name":"Iconia","description":"","potentialAction":[{"@type":"SearchAction","target":{"@type":"EntryPoint","urlTemplate":"https:\/\/staging.iconia.we-dev.it\/it\/?s={search_term_string}"},"query-input":{"@type":"PropertyValueSpecification","valueRequired":true,"valueName":"search_term_string"}}],"inLanguage":"it-IT"}]}},"_links":{"self":[{"href":"https:\/\/staging.iconia.we-dev.it\/it\/wp-json\/wp\/v2\/pages\/1634"}],"collection":[{"href":"https:\/\/staging.iconia.we-dev.it\/it\/wp-json\/wp\/v2\/pages"}],"about":[{"href":"https:\/\/staging.iconia.we-dev.it\/it\/wp-json\/wp\/v2\/types\/page"}],"author":[{"embeddable":true,"href":"https:\/\/staging.iconia.we-dev.it\/it\/wp-json\/wp\/v2\/users\/1"}],"replies":[{"embeddable":true,"href":"https:\/\/staging.iconia.we-dev.it\/it\/wp-json\/wp\/v2\/comments?post=1634"}],"version-history":[{"count":3,"href":"https:\/\/staging.iconia.we-dev.it\/it\/wp-json\/wp\/v2\/pages\/1634\/revisions"}],"predecessor-version":[{"id":3057,"href":"https:\/\/staging.iconia.we-dev.it\/it\/wp-json\/wp\/v2\/pages\/1634\/revisions\/3057"}],"wp:attachment":[{"href":"https:\/\/staging.iconia.we-dev.it\/it\/wp-json\/wp\/v2\/media?parent=1634"}],"curies":[{"name":"wp","href":"https:\/\/api.w.org\/{rel}","templated":true}]}}